{"id":8074,"date":"2024-08-30T12:48:55","date_gmt":"2024-08-30T10:48:55","guid":{"rendered":"https:\/\/ovarifert.com\/politika-privatnosti\/"},"modified":"2024-08-30T12:48:55","modified_gmt":"2024-08-30T10:48:55","slug":"politika-privatnosti","status":"publish","type":"page","link":"https:\/\/ovarifert.com\/bs\/politika-privatnosti\/","title":{"rendered":"Politika privatnosti"},"content":{"rendered":"<h1>Izjava o privatnosti<\/h1>\n<h2>Op\u0107enito<\/h2>\n<p>  Va\u0161e li\u010dne podatke (npr. titula, ime, ku\u0107na adresa, e-mail adresa, broj telefona, bankovni podaci, broj kreditne kartice) obra\u0111ujemo samo u skladu sa odredbama njema\u010dkih zakona o privatnosti podataka.<br \/>\nSljede\u0107e odredbe opisuju vrstu, opseg i svrhu prikupljanja, obrade i kori\u0161tenja li\u010dnih podataka.<br \/>\nOva politika privatnosti podataka odnosi se samo na na\u0161e web stranice.<br \/>\nAko vas linkovi na na\u0161im stranicama usmjeravaju na druge stranice, molimo vas da se tamo raspitate o tome kako se va\u0161i podaci obra\u0111uju u takvim slu\u010dajevima.     <\/p>\n<h2>Podaci o inventaru<\/h2>\n<p>  (1) Va\u0161i li\u010dni podaci, ukoliko su neophodni za ovaj ugovorni odnos (inventarni podaci) u smislu njegovog uspostavljanja, organizacije sadr\u017eaja i izmjena, koriste se isklju\u010divo za ispunjenje ugovora.<br \/>\nZa robu koja \u0107e biti isporu\u010dena, na primjer, va\u0161e ime i adresa moraju biti proslije\u0111eni dobavlja\u010du robe.<br \/>\n(2) Bez va\u0161eg izri\u010ditog pristanka ili pravne osnove, va\u0161i li\u010dni podaci se ne proslje\u0111uju tre\u0107im stranama izvan opsega ispunjavanja ovog ugovora.<br \/>\nNakon zavr\u0161etka ugovora, va\u0161i podaci su blokirani za daljnju upotrebu.<br \/>\nNakon isteka rokova prema poreznim i komercijalnim propisima, ovi podaci se bri\u0161u osim ako niste izri\u010dito pristali na njihovu daljnju upotrebu.      <\/p>\n<h2>Web analiza sa Google Analyticsom<\/h2>\n<p>  Ova web stranica koristi Google Analytics, uslugu web analize tvrtke Google Inc. (Google).<br \/>\nGoogle Analytics koristi kola\u010di\u0107e, tj. tekstualne datoteke pohranjene na va\u0161em ra\u010dunaru kako bi omogu\u0107ili analizu kori\u0161tenja web stranice od strane vas.<br \/>\nInformacije koje generira kola\u010di\u0107 o va\u0161em kori\u0161tenju ove web stranice obi\u010dno se prenose na Google server u Sjedinjenim Ameri\u010dkim Dr\u017eavama i tamo se pohranjuju.<br \/>\nU slu\u010daju aktivirane anonimizacije IP-a na ovoj web stranici, me\u0111utim, va\u0161a IP adresa je prethodno skra\u0107ena od strane Google-a u dr\u017eavama \u010dlanicama Evropske unije ili u drugim dr\u017eavama koje su potpisnice sporazuma o Evropskom ekonomskom prostoru.<br \/>\nSamo u izuzetnim slu\u010dajevima puna IP adresa se prenosi na Google server u Sjedinjenim Ameri\u010dkim Dr\u017eavama i tamo se skra\u0107uje.<br \/>\nU ime vlasnika ove web stranice, Google \u0107e koristiti ove informacije za procjenu va\u0161eg kori\u0161tenja web stranice, sastavljanje izvje\u0161taja o aktivnostima web stranice i pru\u017eanje operateru web stranice s daljnjim uslugama vezanim za kori\u0161tenje web stranice i interneta.<br \/>\nIP adresa poslana iz va\u0161eg preglednika kao dio Google Analytics-a nije spojena s drugim podacima od strane Google-a.<br \/>\nMo\u017eete sprije\u010diti pohranjivanje kola\u010di\u0107a odgovaraju\u0107im postavljanjem softvera preglednika; U ovom slu\u010daju, me\u0111utim, imajte na umu da mo\u017eda ne\u0107ete mo\u0107i u potpunosti koristiti sve funkcije koje nudi ova web stranica.<br \/>\nOsim toga, mo\u017eete sprije\u010diti prikupljanje i obradu podataka koje generira kola\u010di\u0107 i koji se odnose na va\u0161e kori\u0161tenje web stranice (uklju\u010duju\u0107i va\u0161u IP adresu) od strane Google-a, preuzimanjem i instaliranjem dodatka preglednika sa sljede\u0107eg linka: <a href=\"http:\/\/tools.google.com\/dlpage\/gaoptout?hl=en\" target=\"_blank\" rel=\"noopener\">http:\/\/tools.google.com\/dlpage\/gaoptout?hl=en<\/a> Ova web stranica koristi Google Analytics s ekstenzijom &#8220;anonymizeIP()&#8221;, IP adrese se skra\u0107uju prije daljnje obrade kako bi se isklju\u010dila direktna povezanost s osobama.          <\/p>\n<h2>Informacije o kola\u010di\u0107ima<\/h2>\n<p>  (1) Da bismo optimizirali na\u0161u web prisutnost, koristimo kola\u010di\u0107e.<br \/>\nTo su male tekstualne datoteke pohranjene u glavnoj memoriji va\u0161eg ra\u010dunara.<br \/>\nOvi kola\u010di\u0107i se bri\u0161u nakon \u0161to zatvorite preglednik.<br \/>\nOstali kola\u010di\u0107i ostaju na va\u0161em ra\u010dunaru (dugoro\u010dni kola\u010di\u0107i) i dopu\u0161taju njegovo prepoznavanje prilikom va\u0161e sljede\u0107e posjete.<br \/>\nTo nam omogu\u0107ava da pobolj\u0161amo va\u0161 pristup na\u0161oj stranici.<br \/>\n(2) Mo\u017eete sprije\u010diti pohranjivanje kola\u010di\u0107a odabirom opcije &#8220;onemogu\u0107i kola\u010di\u0107e&#8221; u postavkama preglednika.<br \/>\nAli to mo\u017ee ograni\u010diti funkcionalnost na\u0161ih internetskih ponuda kao rezultat.        <\/p>\n<h2>Dru\u0161tveni dodaci sa Facebooka<\/h2>\n<p>  Koristimo dru\u0161tvene dodatke iz facebook.com, kojima upravlja Facebook Inc., 1601 S. California Ave, Palo Alto, CA 94304, USA.<br \/>\nDodaci se mogu prepoznati putem Facebook logotipa ili dodatka &#8220;Facebook Social Plug-in&#8221;.<br \/>\nNa primjer, ako kliknete na dugme &#8220;Svi\u0111a mi se&#8221; ili ostavite komentar, relevantne informacije se prenose direktno iz va\u0161eg preglednika na Facebook i tamo se pohranjuju.<br \/>\nNadalje, Facebook \u010dini va\u0161e lajkove javnim za va\u0161e Facebook prijatelje.<br \/>\nAko ste prijavljeni na Facebook, mo\u017ee dodijeliti pozivanje na\u0161e stranice direktno na va\u0161 Facebook ra\u010dun.<br \/>\n\u010cak i ako niste prijavljeni ili nemate Facebook nalog, va\u0161 preglednik \u0161alje informacije (npr. koje ste web stranice pozvali, va\u0161u IP adresu) koje zatim pohranjuje Facebook.<br \/>\nZa detalje o rukovanju va\u0161im li\u010dnim podacima od strane Facebooka i va\u0161im srodnim pravima, molimo pogledajte pravila o privatnosti podataka Facebooka: <a href=\"http:\/\/www.facebook.com\/policy.php\" target=\"_blank\" rel=\"noopener\">http:\/\/www.facebook.com\/policy.php<\/a>.<br \/>\nAko ne \u017eelite da Facebook mapira podatke prikupljene o vama putem na\u0161ih web stranica na va\u0161 Facebook nalog, morate se odjaviti sa Facebooka prije nego \u0161to posjetite na\u0161e web stranice.         <\/p>\n<h2>Dru\u0161tveni dodaci sa Twittera<\/h2>\n<p>  Sa Twitterom i njegovim Retweet funkcijama, koristimo dru\u0161tvene dodatke iz Twitter.com, kojima upravlja Twitter Inc. 795 Folsom St., Suite 600, San Francisco, CA 94107. Ako koristite Retweet, web stranice koje ste posjetili su objavljene tre\u0107im stranama i povezane s va\u0161im Twitter nalogom. Detalji o rukovanju va\u0161im podacima od strane Twittera, kao i va\u0161a prava i opcije pode\u0161avanja za za\u0161titu va\u0161ih li\u010dnih podataka mogu se na\u0107i u Twitterovoj politici privatnosti podataka:  <a href=\"http:\/\/twitter.com\/privacy%20\" target=\"_blank\" rel=\"noopener\">http:\/\/twitter.com\/privacy<br \/>\n <\/a><\/p>\n<h2>Otkrivanje<\/h2>\n<p>  Prema Federalnom zakonu o za\u0161titi podataka, imate pravo na besplatne informacije o va\u0161im pohranjenim podacima, i eventualno pravo na ispravku, blokiranje ili brisanje takvih podataka.<br \/>\nUpiti se mogu uputiti na sljede\u0107e e-mail adrese: ( <a href=\"mailto:service@amitamin.com\">service@amitamin.com<\/a> ) <i>Quelle: <\/i><a href=\"http:\/\/www.twigg.de\/datenschutzerklaerungs-generator-en.htm\" target=\"_blank\" rel=\"noopener\">Datenschutzerkl\u00e4rung auf Englisch<\/a> <\/p>\n","protected":false},"excerpt":{"rendered":"<p>Izjava o privatnosti Op\u0107enito Va\u0161e li\u010dne podatke (npr. titula, ime, ku\u0107na adresa, e-mail adresa, broj telefona, bankovni podaci, broj kreditne kartice) obra\u0111ujemo samo u skladu sa odredbama njema\u010dkih zakona o privatnosti podataka. Sljede\u0107e odredbe opisuju vrstu, opseg i svrhu prikupljanja, obrade i kori\u0161tenja li\u010dnih podataka. Ova politika privatnosti podataka odnosi se samo na na\u0161e web [&hellip;]<\/p>\n","protected":false},"author":1,"featured_media":0,"parent":0,"menu_order":0,"comment_status":"closed","ping_status":"closed","template":"","meta":{"seo_booster_metabox":"","footnotes":""},"class_list":["post-8074","page","type-page","status-publish","hentry"],"yoast_head":"<!-- This site is optimized with the Yoast SEO plugin v27.2 - https:\/\/yoast.com\/product\/yoast-seo-wordpress\/ -->\n<title>Politika privatnosti - ovarifert.com<\/title>\n<meta name=\"robots\" content=\"noindex, nofollow\" \/>\n<meta property=\"og:locale\" content=\"bs_BA\" \/>\n<meta property=\"og:type\" content=\"article\" \/>\n<meta property=\"og:title\" content=\"Politika privatnosti - ovarifert.com\" \/>\n<meta property=\"og:description\" content=\"Izjava o privatnosti Op\u0107enito Va\u0161e li\u010dne podatke (npr. titula, ime, ku\u0107na adresa, e-mail adresa, broj telefona, bankovni podaci, broj kreditne kartice) obra\u0111ujemo samo u skladu sa odredbama njema\u010dkih zakona o privatnosti podataka. Sljede\u0107e odredbe opisuju vrstu, opseg i svrhu prikupljanja, obrade i kori\u0161tenja li\u010dnih podataka. Ova politika privatnosti podataka odnosi se samo na na\u0161e web [&hellip;]\" \/>\n<meta property=\"og:url\" content=\"https:\/\/ovarifert.com\/bs\/politika-privatnosti\/\" \/>\n<meta property=\"og:site_name\" content=\"ovarifert.com\" \/>\n<meta name=\"twitter:card\" content=\"summary_large_image\" \/>\n<meta name=\"twitter:label1\" content=\"Est. reading time\" \/>\n\t<meta name=\"twitter:data1\" content=\"5 minuta\" \/>\n<script type=\"application\/ld+json\" class=\"yoast-schema-graph\">{\"@context\":\"https:\/\/schema.org\",\"@graph\":[{\"@type\":\"WebPage\",\"@id\":\"https:\/\/ovarifert.com\/bs\/politika-privatnosti\/\",\"url\":\"https:\/\/ovarifert.com\/bs\/politika-privatnosti\/\",\"name\":\"Politika privatnosti - ovarifert.com\",\"isPartOf\":{\"@id\":\"https:\/\/ovarifert.com\/de\/#website\"},\"datePublished\":\"2024-08-30T10:48:55+00:00\",\"breadcrumb\":{\"@id\":\"https:\/\/ovarifert.com\/bs\/politika-privatnosti\/#breadcrumb\"},\"inLanguage\":\"bs-BA\",\"potentialAction\":[{\"@type\":\"ReadAction\",\"target\":[\"https:\/\/ovarifert.com\/bs\/politika-privatnosti\/\"]}]},{\"@type\":\"BreadcrumbList\",\"@id\":\"https:\/\/ovarifert.com\/bs\/politika-privatnosti\/#breadcrumb\",\"itemListElement\":[{\"@type\":\"ListItem\",\"position\":1,\"name\":\"Home\",\"item\":\"https:\/\/ovarifert.com\/bs\/amitamin-ovarifert-tretirajte-pcos-prirodno\/\"},{\"@type\":\"ListItem\",\"position\":2,\"name\":\"Politika privatnosti\"}]},{\"@type\":\"WebSite\",\"@id\":\"https:\/\/ovarifert.com\/de\/#website\",\"url\":\"https:\/\/ovarifert.com\/de\/\",\"name\":\"ovarifert.com\",\"description\":\"Ovarifert: Increase female fertility!\",\"potentialAction\":[{\"@type\":\"SearchAction\",\"target\":{\"@type\":\"EntryPoint\",\"urlTemplate\":\"https:\/\/ovarifert.com\/de\/?s={search_term_string}\"},\"query-input\":{\"@type\":\"PropertyValueSpecification\",\"valueRequired\":true,\"valueName\":\"search_term_string\"}}],\"inLanguage\":\"bs-BA\"}]}<\/script>\n<!-- \/ Yoast SEO plugin. -->","yoast_head_json":{"title":"Politika privatnosti - ovarifert.com","robots":{"index":"noindex","follow":"nofollow"},"og_locale":"bs_BA","og_type":"article","og_title":"Politika privatnosti - ovarifert.com","og_description":"Izjava o privatnosti Op\u0107enito Va\u0161e li\u010dne podatke (npr. titula, ime, ku\u0107na adresa, e-mail adresa, broj telefona, bankovni podaci, broj kreditne kartice) obra\u0111ujemo samo u skladu sa odredbama njema\u010dkih zakona o privatnosti podataka. Sljede\u0107e odredbe opisuju vrstu, opseg i svrhu prikupljanja, obrade i kori\u0161tenja li\u010dnih podataka. Ova politika privatnosti podataka odnosi se samo na na\u0161e web [&hellip;]","og_url":"https:\/\/ovarifert.com\/bs\/politika-privatnosti\/","og_site_name":"ovarifert.com","twitter_card":"summary_large_image","twitter_misc":{"Est. reading time":"5 minuta"},"schema":{"@context":"https:\/\/schema.org","@graph":[{"@type":"WebPage","@id":"https:\/\/ovarifert.com\/bs\/politika-privatnosti\/","url":"https:\/\/ovarifert.com\/bs\/politika-privatnosti\/","name":"Politika privatnosti - ovarifert.com","isPartOf":{"@id":"https:\/\/ovarifert.com\/de\/#website"},"datePublished":"2024-08-30T10:48:55+00:00","breadcrumb":{"@id":"https:\/\/ovarifert.com\/bs\/politika-privatnosti\/#breadcrumb"},"inLanguage":"bs-BA","potentialAction":[{"@type":"ReadAction","target":["https:\/\/ovarifert.com\/bs\/politika-privatnosti\/"]}]},{"@type":"BreadcrumbList","@id":"https:\/\/ovarifert.com\/bs\/politika-privatnosti\/#breadcrumb","itemListElement":[{"@type":"ListItem","position":1,"name":"Home","item":"https:\/\/ovarifert.com\/bs\/amitamin-ovarifert-tretirajte-pcos-prirodno\/"},{"@type":"ListItem","position":2,"name":"Politika privatnosti"}]},{"@type":"WebSite","@id":"https:\/\/ovarifert.com\/de\/#website","url":"https:\/\/ovarifert.com\/de\/","name":"ovarifert.com","description":"Ovarifert: Increase female fertility!","potentialAction":[{"@type":"SearchAction","target":{"@type":"EntryPoint","urlTemplate":"https:\/\/ovarifert.com\/de\/?s={search_term_string}"},"query-input":{"@type":"PropertyValueSpecification","valueRequired":true,"valueName":"search_term_string"}}],"inLanguage":"bs-BA"}]}},"_links":{"self":[{"href":"https:\/\/ovarifert.com\/bs\/wp-json\/wp\/v2\/pages\/8074","targetHints":{"allow":["GET"]}}],"collection":[{"href":"https:\/\/ovarifert.com\/bs\/wp-json\/wp\/v2\/pages"}],"about":[{"href":"https:\/\/ovarifert.com\/bs\/wp-json\/wp\/v2\/types\/page"}],"author":[{"embeddable":true,"href":"https:\/\/ovarifert.com\/bs\/wp-json\/wp\/v2\/users\/1"}],"replies":[{"embeddable":true,"href":"https:\/\/ovarifert.com\/bs\/wp-json\/wp\/v2\/comments?post=8074"}],"version-history":[{"count":0,"href":"https:\/\/ovarifert.com\/bs\/wp-json\/wp\/v2\/pages\/8074\/revisions"}],"wp:attachment":[{"href":"https:\/\/ovarifert.com\/bs\/wp-json\/wp\/v2\/media?parent=8074"}],"curies":[{"name":"wp","href":"https:\/\/api.w.org\/{rel}","templated":true}]}}