{"id":8072,"date":"2024-08-30T12:48:55","date_gmt":"2024-08-30T10:48:55","guid":{"rendered":"https:\/\/ovarifert.com\/datenschutzbestimmungen\/"},"modified":"2024-08-30T12:48:55","modified_gmt":"2024-08-30T10:48:55","slug":"datenschutzbestimmungen","status":"publish","type":"page","link":"https:\/\/ovarifert.com\/de\/datenschutzbestimmungen\/","title":{"rendered":"Datenschutzbestimmungen"},"content":{"rendered":"<h1>Erkl\u00e4rung zum Datenschutz<\/h1>\n<h2>Allgemein<\/h2>\n<p>  Ihre personenbezogenen Daten (z.B. Anrede, Name, Hausadresse, E-Mail-Adresse, Telefonnummer, Bankverbindung, Kreditkartennummer) werden von uns nur gem\u00e4\u00df den Bestimmungen des deutschen Datenschutzrechts verarbeitet.<br \/>\nDie nachfolgenden Vorschriften informieren Sie \u00fcber Art, Umfang und Zweck der Erhebung, Verarbeitung und Nutzung personenbezogener Daten.<br \/>\nDiese Datenschutzerkl\u00e4rung gilt nur f\u00fcr unsere Webseiten.<br \/>\nWenn Sie \u00fcber Links auf unseren Seiten auf andere Seiten weitergeleitet werden, erkundigen Sie sich bitte dort, wie in solchen F\u00e4llen mit Ihren Daten umgegangen wird.     <\/p>\n<h2>Inventardaten<\/h2>\n<p>  (1) Ihre personenbezogenen Daten, soweit diese f\u00fcr die Begr\u00fcndung, inhaltliche Ausgestaltung oder \u00c4nderung dieses Vertragsverh\u00e4ltnisses erforderlich sind (Bestandsdaten), werden ausschlie\u00dflich zur Vertragsabwicklung verwendet.<br \/>\nSo muss z.B. zur Zustellung der Waren Ihr Name und Ihre Anschrift an den Warenlieferanten weitergegeben werden.<br \/>\n(2) Ohne Ihre ausdr\u00fcckliche Einwilligung oder ohne gesetzliche Grundlage werden Ihre personenbezogenen Daten nicht an Dritte au\u00dferhalb der Erf\u00fcllung dieses Vertrages weitergegeben.<br \/>\nNach vollst\u00e4ndiger Abwicklung des Vertrages werden Ihre Daten f\u00fcr die weitere Verwendung gesperrt.<br \/>\nNach Ablauf der steuer- und handelsrechtlichen Fristen werden diese Daten gel\u00f6scht, sofern Sie nicht ausdr\u00fccklich in die weitere Nutzung eingewilligt haben.      <\/p>\n<h2>Webanalyse mit Google Analytics<\/h2>\n<p>  Diese Website benutzt Google Analytics, einen Webanalysedienst der Google Inc. (Google).<br \/>\nGoogle Analytics verwendet Cookies, d.h. Textdateien, die auf Ihrem Computer gespeichert werden und die eine Analyse der Benutzung der Website durch Sie erm\u00f6glichen.<br \/>\nDie durch den Cookie erzeugten Informationen \u00fcber Ihre Benutzung dieser Website werden in der Regel an einen Server von Google in den Vereinigten Staaten \u00fcbertragen und dort gespeichert.<br \/>\nIm Falle der Aktivierung der IP-Anonymisierung auf dieser Webseite, wird Ihre IP-Adresse von Google jedoch innerhalb von Mitgliedstaaten der Europ\u00e4ischen Union oder in anderen Vertragsstaaten des Abkommens \u00fcber den Europ\u00e4ischen Wirtschaftsraum zuvor gek\u00fcrzt.<br \/>\nNur in Ausnahmef\u00e4llen wird die volle IP-Adresse an einen Server von Google in den Vereinigten Staaten \u00fcbertragen und dort gek\u00fcrzt.<br \/>\nIm Auftrag des Betreibers dieser Website wird Google diese Informationen benutzen, um Ihre Nutzung der Website auszuwerten, um Reports \u00fcber die Websiteaktivit\u00e4ten zusammenzustellen und um weitere mit der Websitenutzung und der Internetnutzung verbundene Dienstleistungen gegen\u00fcber dem Websitebetreiber zu erbringen.<br \/>\nDie im Rahmen von Google Analytics von Ihrem Browser \u00fcbermittelte IP-Adresse wird von Google nicht mit anderen Daten zusammengef\u00fchrt.<br \/>\nSie k\u00f6nnen die Speicherung der Cookies durch eine entsprechende Einstellung Ihrer Browser-Software verhindern; wir weisen Sie jedoch darauf hin, dass Sie in diesem Fall gegebenenfalls nicht s\u00e4mtliche Funktionen dieser Website vollumf\u00e4nglich werden nutzen k\u00f6nnen.<br \/>\nSie k\u00f6nnen dar\u00fcber hinaus die Erfassung der durch das Cookie erzeugten und auf Ihre Nutzung der Website bezogenen Daten (inkl. Ihrer IP-Adresse) an Google sowie die Verarbeitung dieser Daten durch Google verhindern, indem sie das unter dem folgenden Link verf\u00fcgbare Browser-Plugin herunterladen und installieren: <a href=\"http:\/\/tools.google.com\/dlpage\/gaoptout?hl=en\" target=\"_blank\" rel=\"noopener\">http:\/\/tools.google.com\/dlpage\/gaoptout?hl=en<\/a> Diese Website benutzt Google Analytics mit der Erweiterung &#8222;anonymizeIP()&#8220;, wobei IP-Adressen vor der weiteren Verarbeitung gek\u00fcrzt werden, um eine direkte Personenbeziehbarkeit auszuschlie\u00dfen.          <\/p>\n<h2>Informationen \u00fcber Cookies<\/h2>\n<p>  (1) Um unseren Webauftritt zu optimieren, verwenden wir Cookies.<br \/>\nDabei handelt es sich um kleine Textdateien, die im Arbeitsspeicher Ihres Computers gespeichert werden.<br \/>\nDiese Cookies werden gel\u00f6scht, nachdem Sie den Browser geschlossen haben.<br \/>\nAndere Cookies verbleiben auf Ihrem Computer (Langzeit-Cookies) und erm\u00f6glichen ihre Wiedererkennung bei Ihrem n\u00e4chsten Besuch.<br \/>\nDies erm\u00f6glicht es uns, Ihren Zugang zu unserer Website zu verbessern.<br \/>\n(2) Sie k\u00f6nnen die Speicherung von Cookies verhindern, indem Sie in den Einstellungen Ihres Browsers die Option &#8222;Cookies deaktivieren&#8220; w\u00e4hlen.<br \/>\nDies kann jedoch zu Funktionseinschr\u00e4nkungen unserer Internetangebote f\u00fchren.        <\/p>\n<h2>Soziale Plug-Ins von Facebook<\/h2>\n<p>  Wir verwenden Social Plug-ins von facebook.com, betrieben von Facebook Inc., 1601 S. California Ave, Palo Alto, CA 94304, USA.<br \/>\nDie Plug-ins sind an dem Facebook-Logo oder dem Zusatz &#8222;Facebook Social Plug-in&#8220; zu erkennen.<br \/>\nWenn Sie z.B. auf die Schaltfl\u00e4che &#8222;Gef\u00e4llt mir&#8220; klicken oder einen Kommentar abgeben, wird die entsprechende Information von Ihrem Browser direkt an Facebook \u00fcbermittelt und dort gespeichert.<br \/>\nAu\u00dferdem macht Facebook Ihre Likes f\u00fcr Ihre Facebook-Freunde \u00f6ffentlich.<br \/>\nWenn Sie bei Facebook eingeloggt sind, kann es den Aufruf unserer Seite direkt Ihrem Facebook-Konto zuordnen.<br \/>\nAuch wenn Sie nicht eingeloggt sind oder kein Facebook-Konto haben, \u00fcbermittelt Ihr Browser Informationen (z.B. welche Webseiten Sie aufgerufen haben, Ihre IP-Adresse), die dann von Facebook gespeichert werden.<br \/>\nEinzelheiten zum Umgang mit Ihren pers\u00f6nlichen Daten durch Facebook und zu Ihren diesbez\u00fcglichen Rechten finden Sie in der Datenschutzrichtlinie von Facebook: <a href=\"http:\/\/www.facebook.com\/policy.php\" target=\"_blank\" rel=\"noopener\">http:\/\/www.facebook.com\/policy.php.<\/a><br \/>\nWenn Sie nicht m\u00f6chten, dass Facebook Daten, die \u00fcber unsere Webseiten \u00fcber Sie gesammelt wurden, Ihrem Facebook-Konto zuordnet, m\u00fcssen Sie sich bei Facebook ausloggen, bevor Sie unsere Webseiten besuchen.         <\/p>\n<h2>Soziale Plug-Ins von Twitter<\/h2>\n<p>  Mit Twitter und seinen Retweet-Funktionen verwenden wir Social Plug-ins von Twitter.com, betrieben von Twitter Inc. 795 Folsom St., Suite 600, San Francisco, CA 94107. Wenn Sie Retweet verwenden, werden die von Ihnen besuchten Websites Dritten mitgeteilt und mit Ihrem Twitter-Konto verkn\u00fcpft. Einzelheiten zum Umgang mit Ihren Daten durch Twitter sowie Ihre Rechte und Einstellungsm\u00f6glichkeiten zum Schutz Ihrer pers\u00f6nlichen Daten finden Sie in der Datenschutzrichtlinie von Twitter:  <a href=\"http:\/\/twitter.com\/privacy%20\" target=\"_blank\" rel=\"noopener\">http:\/\/twitter.com\/privacy<br \/>\n <\/a><\/p>\n<h2>Offenlegung<\/h2>\n<p>  Nach dem Bundesdatenschutzgesetz haben Sie ein Recht auf unentgeltliche Auskunft \u00fcber Ihre gespeicherten Daten sowie ggf. ein Recht auf Berichtigung, Sperrung oder L\u00f6schung dieser Daten.<br \/>\nAnfragen k\u00f6nnen Sie an die folgenden E-Mail-Adressen richten: ( <a href=\"mailto:service@amitamin.com\">service@amitamin.com<\/a> ) <i>Quelle: <\/i><a href=\"http:\/\/www.twigg.de\/datenschutzerklaerungs-generator-en.htm\" target=\"_blank\" rel=\"noopener\">Datenschutzerkl\u00e4rung auf Englisch<\/a> <\/p>\n","protected":false},"excerpt":{"rendered":"<p>Erkl\u00e4rung zum Datenschutz Allgemein Ihre personenbezogenen Daten (z.B. Anrede, Name, Hausadresse, E-Mail-Adresse, Telefonnummer, Bankverbindung, Kreditkartennummer) werden von uns nur gem\u00e4\u00df den Bestimmungen des deutschen Datenschutzrechts verarbeitet. Die nachfolgenden Vorschriften informieren Sie \u00fcber Art, Umfang und Zweck der Erhebung, Verarbeitung und Nutzung personenbezogener Daten. Diese Datenschutzerkl\u00e4rung gilt nur f\u00fcr unsere Webseiten. Wenn Sie \u00fcber Links auf [&hellip;]<\/p>\n","protected":false},"author":1,"featured_media":0,"parent":0,"menu_order":0,"comment_status":"closed","ping_status":"closed","template":"","meta":{"seo_booster_metabox":"","footnotes":""},"class_list":["post-8072","page","type-page","status-publish","hentry"],"yoast_head":"<!-- This site is optimized with the Yoast SEO plugin v27.2 - https:\/\/yoast.com\/product\/yoast-seo-wordpress\/ -->\n<title>Datenschutzbestimmungen - ovarifert.com<\/title>\n<meta name=\"robots\" content=\"noindex, nofollow\" \/>\n<meta property=\"og:locale\" content=\"de_DE\" \/>\n<meta property=\"og:type\" content=\"article\" \/>\n<meta property=\"og:title\" content=\"Datenschutzbestimmungen - ovarifert.com\" \/>\n<meta property=\"og:description\" content=\"Erkl\u00e4rung zum Datenschutz Allgemein Ihre personenbezogenen Daten (z.B. Anrede, Name, Hausadresse, E-Mail-Adresse, Telefonnummer, Bankverbindung, Kreditkartennummer) werden von uns nur gem\u00e4\u00df den Bestimmungen des deutschen Datenschutzrechts verarbeitet. Die nachfolgenden Vorschriften informieren Sie \u00fcber Art, Umfang und Zweck der Erhebung, Verarbeitung und Nutzung personenbezogener Daten. Diese Datenschutzerkl\u00e4rung gilt nur f\u00fcr unsere Webseiten. Wenn Sie \u00fcber Links auf [&hellip;]\" \/>\n<meta property=\"og:url\" content=\"https:\/\/ovarifert.com\/de\/datenschutzbestimmungen\/\" \/>\n<meta property=\"og:site_name\" content=\"ovarifert.com\" \/>\n<meta name=\"twitter:card\" content=\"summary_large_image\" \/>\n<meta name=\"twitter:label1\" content=\"Gesch\u00e4tzte Lesezeit\" \/>\n\t<meta name=\"twitter:data1\" content=\"4\u00a0Minuten\" \/>\n<script type=\"application\/ld+json\" class=\"yoast-schema-graph\">{\"@context\":\"https:\/\/schema.org\",\"@graph\":[{\"@type\":\"WebPage\",\"@id\":\"https:\/\/ovarifert.com\/de\/datenschutzbestimmungen\/\",\"url\":\"https:\/\/ovarifert.com\/de\/datenschutzbestimmungen\/\",\"name\":\"Datenschutzbestimmungen - ovarifert.com\",\"isPartOf\":{\"@id\":\"https:\/\/ovarifert.com\/de\/#website\"},\"datePublished\":\"2024-08-30T10:48:55+00:00\",\"breadcrumb\":{\"@id\":\"https:\/\/ovarifert.com\/de\/datenschutzbestimmungen\/#breadcrumb\"},\"inLanguage\":\"de\",\"potentialAction\":[{\"@type\":\"ReadAction\",\"target\":[\"https:\/\/ovarifert.com\/de\/datenschutzbestimmungen\/\"]}]},{\"@type\":\"BreadcrumbList\",\"@id\":\"https:\/\/ovarifert.com\/de\/datenschutzbestimmungen\/#breadcrumb\",\"itemListElement\":[{\"@type\":\"ListItem\",\"position\":1,\"name\":\"Home\",\"item\":\"https:\/\/ovarifert.com\/de\/\"},{\"@type\":\"ListItem\",\"position\":2,\"name\":\"Datenschutzbestimmungen\"}]},{\"@type\":\"WebSite\",\"@id\":\"https:\/\/ovarifert.com\/de\/#website\",\"url\":\"https:\/\/ovarifert.com\/de\/\",\"name\":\"ovarifert.com\",\"description\":\"Ovarifert: Increase female fertility!\",\"potentialAction\":[{\"@type\":\"SearchAction\",\"target\":{\"@type\":\"EntryPoint\",\"urlTemplate\":\"https:\/\/ovarifert.com\/de\/?s={search_term_string}\"},\"query-input\":{\"@type\":\"PropertyValueSpecification\",\"valueRequired\":true,\"valueName\":\"search_term_string\"}}],\"inLanguage\":\"de\"}]}<\/script>\n<!-- \/ Yoast SEO plugin. -->","yoast_head_json":{"title":"Datenschutzbestimmungen - ovarifert.com","robots":{"index":"noindex","follow":"nofollow"},"og_locale":"de_DE","og_type":"article","og_title":"Datenschutzbestimmungen - ovarifert.com","og_description":"Erkl\u00e4rung zum Datenschutz Allgemein Ihre personenbezogenen Daten (z.B. Anrede, Name, Hausadresse, E-Mail-Adresse, Telefonnummer, Bankverbindung, Kreditkartennummer) werden von uns nur gem\u00e4\u00df den Bestimmungen des deutschen Datenschutzrechts verarbeitet. Die nachfolgenden Vorschriften informieren Sie \u00fcber Art, Umfang und Zweck der Erhebung, Verarbeitung und Nutzung personenbezogener Daten. Diese Datenschutzerkl\u00e4rung gilt nur f\u00fcr unsere Webseiten. Wenn Sie \u00fcber Links auf [&hellip;]","og_url":"https:\/\/ovarifert.com\/de\/datenschutzbestimmungen\/","og_site_name":"ovarifert.com","twitter_card":"summary_large_image","twitter_misc":{"Gesch\u00e4tzte Lesezeit":"4\u00a0Minuten"},"schema":{"@context":"https:\/\/schema.org","@graph":[{"@type":"WebPage","@id":"https:\/\/ovarifert.com\/de\/datenschutzbestimmungen\/","url":"https:\/\/ovarifert.com\/de\/datenschutzbestimmungen\/","name":"Datenschutzbestimmungen - ovarifert.com","isPartOf":{"@id":"https:\/\/ovarifert.com\/de\/#website"},"datePublished":"2024-08-30T10:48:55+00:00","breadcrumb":{"@id":"https:\/\/ovarifert.com\/de\/datenschutzbestimmungen\/#breadcrumb"},"inLanguage":"de","potentialAction":[{"@type":"ReadAction","target":["https:\/\/ovarifert.com\/de\/datenschutzbestimmungen\/"]}]},{"@type":"BreadcrumbList","@id":"https:\/\/ovarifert.com\/de\/datenschutzbestimmungen\/#breadcrumb","itemListElement":[{"@type":"ListItem","position":1,"name":"Home","item":"https:\/\/ovarifert.com\/de\/"},{"@type":"ListItem","position":2,"name":"Datenschutzbestimmungen"}]},{"@type":"WebSite","@id":"https:\/\/ovarifert.com\/de\/#website","url":"https:\/\/ovarifert.com\/de\/","name":"ovarifert.com","description":"Ovarifert: Increase female fertility!","potentialAction":[{"@type":"SearchAction","target":{"@type":"EntryPoint","urlTemplate":"https:\/\/ovarifert.com\/de\/?s={search_term_string}"},"query-input":{"@type":"PropertyValueSpecification","valueRequired":true,"valueName":"search_term_string"}}],"inLanguage":"de"}]}},"_links":{"self":[{"href":"https:\/\/ovarifert.com\/de\/wp-json\/wp\/v2\/pages\/8072","targetHints":{"allow":["GET"]}}],"collection":[{"href":"https:\/\/ovarifert.com\/de\/wp-json\/wp\/v2\/pages"}],"about":[{"href":"https:\/\/ovarifert.com\/de\/wp-json\/wp\/v2\/types\/page"}],"author":[{"embeddable":true,"href":"https:\/\/ovarifert.com\/de\/wp-json\/wp\/v2\/users\/1"}],"replies":[{"embeddable":true,"href":"https:\/\/ovarifert.com\/de\/wp-json\/wp\/v2\/comments?post=8072"}],"version-history":[{"count":0,"href":"https:\/\/ovarifert.com\/de\/wp-json\/wp\/v2\/pages\/8072\/revisions"}],"wp:attachment":[{"href":"https:\/\/ovarifert.com\/de\/wp-json\/wp\/v2\/media?parent=8072"}],"curies":[{"name":"wp","href":"https:\/\/api.w.org\/{rel}","templated":true}]}}