{"id":8070,"date":"2024-08-30T12:48:54","date_gmt":"2024-08-30T10:48:54","guid":{"rendered":"https:\/\/ovarifert.com\/politica-de-privacidad\/"},"modified":"2024-08-30T12:48:54","modified_gmt":"2024-08-30T10:48:54","slug":"politica-de-privacidad","status":"publish","type":"page","link":"https:\/\/ovarifert.com\/es\/politica-de-privacidad\/","title":{"rendered":"Pol\u00edtica de privacidad"},"content":{"rendered":"<h1>Declaraci\u00f3n de privacidad<\/h1>\n<h2>General<\/h2>\n<p>  S\u00f3lo procesamos tus datos personales (por ejemplo, t\u00edtulo, nombre, direcci\u00f3n postal, direcci\u00f3n de correo electr\u00f3nico, n\u00famero de tel\u00e9fono, datos bancarios, n\u00famero de tarjeta de cr\u00e9dito) de acuerdo con las disposiciones de la legislaci\u00f3n alemana sobre protecci\u00f3n de datos.<br \/>\nLas siguientes disposiciones describen el tipo, el alcance y la finalidad de la recogida, el tratamiento y la utilizaci\u00f3n de los datos personales.<br \/>\nEsta pol\u00edtica de privacidad de datos s\u00f3lo se aplica a nuestras p\u00e1ginas web.<br \/>\nSi los enlaces de nuestras p\u00e1ginas te dirigen a otras p\u00e1ginas, inf\u00f3rmate all\u00ed sobre c\u00f3mo se tratan tus datos en esos casos.     <\/p>\n<h2>Datos de inventario<\/h2>\n<p>  (1) Tus datos personales, en la medida en que sean necesarios para esta relaci\u00f3n contractual (datos de inventario) en cuanto a su establecimiento, organizaci\u00f3n del contenido y modificaciones, se utilizan exclusivamente para el cumplimiento del contrato.<br \/>\nPara la entrega de mercanc\u00edas, por ejemplo, tu nombre y direcci\u00f3n deben ser transmitidos al proveedor de las mercanc\u00edas.<br \/>\n(2) Sin tu consentimiento expl\u00edcito o una base legal, tus datos personales no se transmiten a terceros fuera del \u00e1mbito del cumplimiento de este contrato.<br \/>\nUna vez finalizado el contrato, tus datos se bloquear\u00e1n para que no puedan volver a utilizarse.<br \/>\nUna vez transcurridos los plazos establecidos por la normativa fiscal y mercantil, estos datos se eliminan, a menos que hayas dado tu consentimiento expreso para que se sigan utilizando.      <\/p>\n<h2>An\u00e1lisis web con Google Analytics<\/h2>\n<p>  Este sitio web utiliza Google Analytics, un servicio de an\u00e1lisis web de Google Inc. (Google).<br \/>\nGoogle Analytics utiliza cookies, es decir, archivos de texto almacenados en tu ordenador para permitir el an\u00e1lisis del uso que haces del sitio web.<br \/>\nLa informaci\u00f3n generada por la cookie sobre tu uso de este sitio web se transmite normalmente a un servidor de Google en Estados Unidos y se almacena all\u00ed.<br \/>\nSin embargo, en caso de anonimizaci\u00f3n de IP activada en este sitio web, tu direcci\u00f3n IP es truncada previamente por Google dentro de los estados miembros de la Uni\u00f3n Europea o en otros estados que forman parte del acuerdo sobre el Espacio Econ\u00f3mico Europeo.<br \/>\nS\u00f3lo en casos excepcionales se transmite una direcci\u00f3n IP completa a un servidor de Google en Estados Unidos y se trunca all\u00ed.<br \/>\nEn nombre del propietario de este sitio web, Google utilizar\u00e1 esta informaci\u00f3n para evaluar tu uso del sitio web, recopilar informes sobre las actividades del sitio web y proporcionar al operador del sitio web otros servicios relacionados con el uso del sitio web y de Internet.<br \/>\nLa direcci\u00f3n IP enviada desde tu navegador como parte de Google Analytics no se fusiona con otros datos de Google.<br \/>\nPuedes evitar el almacenamiento de cookies configurando adecuadamente el software de tu navegador; en este caso, sin embargo, ten en cuenta que es posible que no puedas utilizar plenamente todas las funciones que ofrece este sitio web.<br \/>\nAdem\u00e1s, puedes evitar que los datos generados por la cookie y relativos a tu uso del sitio web (incluida tu direcci\u00f3n IP) sean recopilados y procesados por Google, descargando e instalando un complemento del navegador desde el siguiente enlace: <a href=\"http:\/\/tools.google.com\/dlpage\/gaoptout?hl=en\" target=\"_blank\" rel=\"noopener\">http:\/\/tools.google.com\/dlpage\/gaoptout?hl=en<\/a> Este sitio web utiliza Google Analytics con la extensi\u00f3n \u00abanonymizeIP()\u00bb, trunc\u00e1ndose las direcciones IP antes de su posterior procesamiento para descartar asociaciones directas con personas.          <\/p>\n<h2>Informaci\u00f3n sobre cookies<\/h2>\n<p>  (1) Para optimizar nuestra presencia en la web, utilizamos cookies.<br \/>\nSe trata de peque\u00f1os archivos de texto almacenados en la memoria principal de tu ordenador.<br \/>\nEstas cookies se eliminan cuando cierras el navegador.<br \/>\nOtras cookies permanecen en tu ordenador (cookies de larga duraci\u00f3n) y permiten su reconocimiento en tu pr\u00f3xima visita.<br \/>\nEsto nos permite mejorar tu acceso a nuestro sitio.<br \/>\n(2) Puedes impedir el almacenamiento de cookies eligiendo la opci\u00f3n \u00abdesactivar cookies\u00bb en la configuraci\u00f3n de tu navegador.<br \/>\nSin embargo, esto puede limitar la funcionalidad de nuestras ofertas en Internet.        <\/p>\n<h2>Plug-ins sociales de Facebook<\/h2>\n<p>  Utilizamos plug-ins sociales de facebook.com, operado por Facebook Inc., 1601 S. California Ave, Palo Alto, CA 94304, EEUU.<br \/>\nLos plug-ins pueden reconocerse mediante el logotipo de Facebook o el complemento \u00abFacebook Social Plug-in\u00bb.<br \/>\nPor ejemplo, si haces clic en el bot\u00f3n \u00abMe gusta\u00bb o dejas un comentario, la informaci\u00f3n pertinente se transmite directamente desde tu navegador a Facebook y se almacena all\u00ed.<br \/>\nAdem\u00e1s, Facebook hace p\u00fablicos tus \u00abMe gusta\u00bb para tus amigos de Facebook.<br \/>\nSi has iniciado sesi\u00f3n en Facebook, puede asignar la invocaci\u00f3n de nuestra p\u00e1gina directamente a tu cuenta de Facebook.<br \/>\nIncluso si no has iniciado sesi\u00f3n o no tienes una cuenta de Facebook, tu navegador env\u00eda informaci\u00f3n (por ejemplo, qu\u00e9 p\u00e1ginas web has visitado, tu direcci\u00f3n IP) que Facebook almacena.<br \/>\nPara m\u00e1s detalles sobre el tratamiento de tus datos personales por parte de Facebook y tus derechos conexos, consulta la pol\u00edtica de privacidad de datos de Facebook: <a href=\"http:\/\/www.facebook.com\/policy.php\" target=\"_blank\" rel=\"noopener\">http:\/\/www.facebook.com\/policy.php.<\/a><br \/>\nSi no quieres que Facebook asigne los datos recogidos sobre ti a trav\u00e9s de nuestros sitios web a tu cuenta de Facebook, debes desconectarte de Facebook antes de visitar nuestras p\u00e1ginas web.         <\/p>\n<h2>Plug-ins sociales de Twitter<\/h2>\n<p>  Con Twitter y sus funciones Retweet, utilizamos plug-ins sociales de Twitter.com, operado por Twitter Inc. 795 Folsom St., Suite 600, San Francisco, CA 94107. Si utilizas Retweet, los sitios web visitados por ti se anuncian a terceros y se asocian a tu cuenta de Twitter. Los detalles sobre el tratamiento de tus datos por Twitter, as\u00ed como tus derechos y opciones de configuraci\u00f3n para proteger tu informaci\u00f3n personal, se pueden encontrar en la pol\u00edtica de privacidad de datos de Twitter:  <a href=\"http:\/\/twitter.com\/privacy%20\" target=\"_blank\" rel=\"noopener\">http:\/\/twitter.com\/privacy<br \/>\n <\/a><\/p>\n<h2>Divulgaci\u00f3n<\/h2>\n<p>  Seg\u00fan la Ley Federal de Protecci\u00f3n de Datos, tienes derecho a recibir informaci\u00f3n gratuita sobre tus datos almacenados y, en su caso, derecho a la rectificaci\u00f3n, bloqueo o eliminaci\u00f3n de dichos datos.<br \/>\nPuedes dirigir tus consultas a las siguientes direcciones de correo electr\u00f3nico: ( <a href=\"mailto:service@amitamin.com\">service@amitamin.com<\/a> ) <i>Quelle: <\/i><a href=\"http:\/\/www.twigg.de\/datenschutzerklaerungs-generator-en.htm\" target=\"_blank\" rel=\"noopener\">Datenschutzerkl\u00e4rung auf Englisch<\/a> <\/p>\n","protected":false},"excerpt":{"rendered":"<p>Declaraci\u00f3n de privacidad General S\u00f3lo procesamos tus datos personales (por ejemplo, t\u00edtulo, nombre, direcci\u00f3n postal, direcci\u00f3n de correo electr\u00f3nico, n\u00famero de tel\u00e9fono, datos bancarios, n\u00famero de tarjeta de cr\u00e9dito) de acuerdo con las disposiciones de la legislaci\u00f3n alemana sobre protecci\u00f3n de datos. Las siguientes disposiciones describen el tipo, el alcance y la finalidad de la [&hellip;]<\/p>\n","protected":false},"author":1,"featured_media":0,"parent":0,"menu_order":0,"comment_status":"closed","ping_status":"closed","template":"","meta":{"seo_booster_metabox":"","footnotes":""},"class_list":["post-8070","page","type-page","status-publish","hentry"],"yoast_head":"<!-- This site is optimized with the Yoast SEO plugin v27.2 - https:\/\/yoast.com\/product\/yoast-seo-wordpress\/ -->\n<title>Pol\u00edtica de privacidad - ovarifert.com<\/title>\n<meta name=\"robots\" content=\"noindex, nofollow\" \/>\n<meta property=\"og:locale\" content=\"es_ES\" \/>\n<meta property=\"og:type\" content=\"article\" \/>\n<meta property=\"og:title\" content=\"Pol\u00edtica de privacidad - ovarifert.com\" \/>\n<meta property=\"og:description\" content=\"Declaraci\u00f3n de privacidad General S\u00f3lo procesamos tus datos personales (por ejemplo, t\u00edtulo, nombre, direcci\u00f3n postal, direcci\u00f3n de correo electr\u00f3nico, n\u00famero de tel\u00e9fono, datos bancarios, n\u00famero de tarjeta de cr\u00e9dito) de acuerdo con las disposiciones de la legislaci\u00f3n alemana sobre protecci\u00f3n de datos. Las siguientes disposiciones describen el tipo, el alcance y la finalidad de la [&hellip;]\" \/>\n<meta property=\"og:url\" content=\"https:\/\/ovarifert.com\/es\/politica-de-privacidad\/\" \/>\n<meta property=\"og:site_name\" content=\"ovarifert.com\" \/>\n<meta name=\"twitter:card\" content=\"summary_large_image\" \/>\n<meta name=\"twitter:label1\" content=\"Tiempo de lectura\" \/>\n\t<meta name=\"twitter:data1\" content=\"5 minutos\" \/>\n<script type=\"application\/ld+json\" class=\"yoast-schema-graph\">{\"@context\":\"https:\/\/schema.org\",\"@graph\":[{\"@type\":\"WebPage\",\"@id\":\"https:\/\/ovarifert.com\/es\/politica-de-privacidad\/\",\"url\":\"https:\/\/ovarifert.com\/es\/politica-de-privacidad\/\",\"name\":\"Pol\u00edtica de privacidad - ovarifert.com\",\"isPartOf\":{\"@id\":\"https:\/\/ovarifert.com\/de\/#website\"},\"datePublished\":\"2024-08-30T10:48:54+00:00\",\"breadcrumb\":{\"@id\":\"https:\/\/ovarifert.com\/es\/politica-de-privacidad\/#breadcrumb\"},\"inLanguage\":\"es\",\"potentialAction\":[{\"@type\":\"ReadAction\",\"target\":[\"https:\/\/ovarifert.com\/es\/politica-de-privacidad\/\"]}]},{\"@type\":\"BreadcrumbList\",\"@id\":\"https:\/\/ovarifert.com\/es\/politica-de-privacidad\/#breadcrumb\",\"itemListElement\":[{\"@type\":\"ListItem\",\"position\":1,\"name\":\"Home\",\"item\":\"https:\/\/ovarifert.com\/es\/ovarifert-de-amitamin-trate-el-pcos-de-forma-natural\/\"},{\"@type\":\"ListItem\",\"position\":2,\"name\":\"Pol\u00edtica de privacidad\"}]},{\"@type\":\"WebSite\",\"@id\":\"https:\/\/ovarifert.com\/de\/#website\",\"url\":\"https:\/\/ovarifert.com\/de\/\",\"name\":\"ovarifert.com\",\"description\":\"Ovarifert: Increase female fertility!\",\"potentialAction\":[{\"@type\":\"SearchAction\",\"target\":{\"@type\":\"EntryPoint\",\"urlTemplate\":\"https:\/\/ovarifert.com\/de\/?s={search_term_string}\"},\"query-input\":{\"@type\":\"PropertyValueSpecification\",\"valueRequired\":true,\"valueName\":\"search_term_string\"}}],\"inLanguage\":\"es\"}]}<\/script>\n<!-- \/ Yoast SEO plugin. -->","yoast_head_json":{"title":"Pol\u00edtica de privacidad - ovarifert.com","robots":{"index":"noindex","follow":"nofollow"},"og_locale":"es_ES","og_type":"article","og_title":"Pol\u00edtica de privacidad - ovarifert.com","og_description":"Declaraci\u00f3n de privacidad General S\u00f3lo procesamos tus datos personales (por ejemplo, t\u00edtulo, nombre, direcci\u00f3n postal, direcci\u00f3n de correo electr\u00f3nico, n\u00famero de tel\u00e9fono, datos bancarios, n\u00famero de tarjeta de cr\u00e9dito) de acuerdo con las disposiciones de la legislaci\u00f3n alemana sobre protecci\u00f3n de datos. Las siguientes disposiciones describen el tipo, el alcance y la finalidad de la [&hellip;]","og_url":"https:\/\/ovarifert.com\/es\/politica-de-privacidad\/","og_site_name":"ovarifert.com","twitter_card":"summary_large_image","twitter_misc":{"Tiempo de lectura":"5 minutos"},"schema":{"@context":"https:\/\/schema.org","@graph":[{"@type":"WebPage","@id":"https:\/\/ovarifert.com\/es\/politica-de-privacidad\/","url":"https:\/\/ovarifert.com\/es\/politica-de-privacidad\/","name":"Pol\u00edtica de privacidad - ovarifert.com","isPartOf":{"@id":"https:\/\/ovarifert.com\/de\/#website"},"datePublished":"2024-08-30T10:48:54+00:00","breadcrumb":{"@id":"https:\/\/ovarifert.com\/es\/politica-de-privacidad\/#breadcrumb"},"inLanguage":"es","potentialAction":[{"@type":"ReadAction","target":["https:\/\/ovarifert.com\/es\/politica-de-privacidad\/"]}]},{"@type":"BreadcrumbList","@id":"https:\/\/ovarifert.com\/es\/politica-de-privacidad\/#breadcrumb","itemListElement":[{"@type":"ListItem","position":1,"name":"Home","item":"https:\/\/ovarifert.com\/es\/ovarifert-de-amitamin-trate-el-pcos-de-forma-natural\/"},{"@type":"ListItem","position":2,"name":"Pol\u00edtica de privacidad"}]},{"@type":"WebSite","@id":"https:\/\/ovarifert.com\/de\/#website","url":"https:\/\/ovarifert.com\/de\/","name":"ovarifert.com","description":"Ovarifert: Increase female fertility!","potentialAction":[{"@type":"SearchAction","target":{"@type":"EntryPoint","urlTemplate":"https:\/\/ovarifert.com\/de\/?s={search_term_string}"},"query-input":{"@type":"PropertyValueSpecification","valueRequired":true,"valueName":"search_term_string"}}],"inLanguage":"es"}]}},"_links":{"self":[{"href":"https:\/\/ovarifert.com\/es\/wp-json\/wp\/v2\/pages\/8070","targetHints":{"allow":["GET"]}}],"collection":[{"href":"https:\/\/ovarifert.com\/es\/wp-json\/wp\/v2\/pages"}],"about":[{"href":"https:\/\/ovarifert.com\/es\/wp-json\/wp\/v2\/types\/page"}],"author":[{"embeddable":true,"href":"https:\/\/ovarifert.com\/es\/wp-json\/wp\/v2\/users\/1"}],"replies":[{"embeddable":true,"href":"https:\/\/ovarifert.com\/es\/wp-json\/wp\/v2\/comments?post=8070"}],"version-history":[{"count":0,"href":"https:\/\/ovarifert.com\/es\/wp-json\/wp\/v2\/pages\/8070\/revisions"}],"wp:attachment":[{"href":"https:\/\/ovarifert.com\/es\/wp-json\/wp\/v2\/media?parent=8070"}],"curies":[{"name":"wp","href":"https:\/\/api.w.org\/{rel}","templated":true}]}}