{"id":8068,"date":"2024-08-30T12:48:53","date_gmt":"2024-08-30T10:48:53","guid":{"rendered":"https:\/\/ovarifert.com\/politique-de-confidentialite\/"},"modified":"2024-08-30T12:48:53","modified_gmt":"2024-08-30T10:48:53","slug":"politique-de-confidentialite","status":"publish","type":"page","link":"https:\/\/ovarifert.com\/fr\/politique-de-confidentialite\/","title":{"rendered":"Politique de confidentialit\u00e9"},"content":{"rendered":"<h1>D\u00e9claration de confidentialit\u00e9<\/h1>\n<h2>G\u00e9n\u00e9ral<\/h2>\n<p>  Vos donn\u00e9es personnelles (par exemple, titre, nom, adresse, adresse \u00e9lectronique, num\u00e9ro de t\u00e9l\u00e9phone, coordonn\u00e9es bancaires, num\u00e9ro de carte de cr\u00e9dit) ne sont trait\u00e9es par nous qu&rsquo;en conformit\u00e9 avec les dispositions des lois allemandes sur la protection des donn\u00e9es.<br \/>\nLes dispositions suivantes d\u00e9crivent le type, la port\u00e9e et le but de la collecte, du traitement et de l&rsquo;utilisation des donn\u00e9es personnelles.<br \/>\nCette politique de confidentialit\u00e9 des donn\u00e9es ne s&rsquo;applique qu&rsquo;\u00e0 nos pages web.<br \/>\nSi des liens sur nos pages vous conduisent vers d&rsquo;autres pages, veuillez vous y renseigner sur la mani\u00e8re dont vos donn\u00e9es sont trait\u00e9es dans ce cas.     <\/p>\n<h2>Donn\u00e9es d&rsquo;inventaire<\/h2>\n<p>  (1) Vos donn\u00e9es personnelles, dans la mesure o\u00f9 elles sont n\u00e9cessaires \u00e0 cette relation contractuelle (donn\u00e9es d&rsquo;inventaire) en termes d&rsquo;\u00e9tablissement, d&rsquo;organisation du contenu et de modifications, sont utilis\u00e9es exclusivement pour l&rsquo;ex\u00e9cution du contrat.<br \/>\nPour la livraison de marchandises, par exemple, votre nom et votre adresse doivent \u00eatre transmis au fournisseur de la marchandise.<br \/>\n(2) Sans votre consentement explicite ou une base l\u00e9gale, vos donn\u00e9es personnelles ne sont pas transmises \u00e0 des tiers en dehors du cadre de l&rsquo;ex\u00e9cution du contrat.<br \/>\nApr\u00e8s l&rsquo;ach\u00e8vement du contrat, vos donn\u00e9es sont bloqu\u00e9es contre toute utilisation ult\u00e9rieure.<br \/>\n\u00c0 l&rsquo;expiration des d\u00e9lais pr\u00e9vus par les r\u00e9glementations fiscales et commerciales, ces donn\u00e9es sont supprim\u00e9es, \u00e0 moins que vous n&rsquo;ayez express\u00e9ment consenti \u00e0 ce qu&rsquo;elles soient r\u00e9utilis\u00e9es.      <\/p>\n<h2>Analyse web avec Google Analytics<\/h2>\n<p>  Ce site utilise Google Analytics, un service d&rsquo;analyse du Web de Google Inc. (Google).<br \/>\nGoogle Analytics utilise des cookies, c&rsquo;est-\u00e0-dire des fichiers texte stock\u00e9s sur votre ordinateur qui permettent d&rsquo;analyser votre utilisation du site.<br \/>\nLes informations g\u00e9n\u00e9r\u00e9es par les cookies concernant votre utilisation de ce site web sont g\u00e9n\u00e9ralement transmises \u00e0 un serveur de Google aux Etats-Unis et y sont stock\u00e9es.<br \/>\nSi l&rsquo;anonymisation de l&rsquo;adresse IP est activ\u00e9e sur ce site, votre adresse IP est pr\u00e9alablement tronqu\u00e9e par Google au sein des \u00c9tats membres de l&rsquo;Union europ\u00e9enne ou dans d&rsquo;autres \u00c9tats parties \u00e0 l&rsquo;accord sur l&rsquo;Espace \u00e9conomique europ\u00e9en.<br \/>\nCe n&rsquo;est que dans des cas exceptionnels qu&rsquo;une adresse IP compl\u00e8te est transmise \u00e0 un serveur de Google aux \u00c9tats-Unis et y est tronqu\u00e9e.<br \/>\nAu nom de l&rsquo;exploitant de ce site, Google utilisera ces informations pour \u00e9valuer votre utilisation du site, \u00e9tablir des rapports sur les activit\u00e9s du site et fournir \u00e0 l&rsquo;exploitant du site d&rsquo;autres services li\u00e9s \u00e0 l&rsquo;utilisation du site et d&rsquo;Internet.<br \/>\nL&rsquo;adresse IP envoy\u00e9e par votre navigateur dans le cadre de Google Analytics n&rsquo;est pas fusionn\u00e9e avec d&rsquo;autres donn\u00e9es par Google.<br \/>\nVous pouvez emp\u00eacher l&rsquo;enregistrement des cookies en param\u00e9trant de mani\u00e8re appropri\u00e9e votre logiciel de navigation ; dans ce cas, veuillez toutefois noter que vous ne pourrez peut-\u00eatre pas utiliser pleinement toutes les fonctions offertes par ce site web.<br \/>\nEn outre, vous pouvez emp\u00eacher la collecte et le traitement par Google des donn\u00e9es g\u00e9n\u00e9r\u00e9es par les cookies et relatives \u00e0 votre utilisation du site (y compris votre adresse IP) en t\u00e9l\u00e9chargeant et en installant un plug-in de navigateur \u00e0 partir du lien suivant <a href=\"http:\/\/tools.google.com\/dlpage\/gaoptout?hl=en\" target=\"_blank\" rel=\"noopener\">: http:\/\/tools.google.com\/dlpage\/gaoptout?hl=en<\/a> Ce site utilise Google Analytics avec l&rsquo;extension \u00ab\u00a0anonymizeIP()\u00a0\u00bb, les adresses IP \u00e9tant tronqu\u00e9es avant tout traitement ult\u00e9rieur afin d&rsquo;exclure toute association directe avec des personnes.          <\/p>\n<h2>Informations sur les cookies<\/h2>\n<p>  (1) Pour optimiser notre pr\u00e9sence sur le web, nous utilisons des cookies.<br \/>\nIl s&rsquo;agit de petits fichiers texte stock\u00e9s dans la m\u00e9moire principale de votre ordinateur.<br \/>\nCes cookies sont supprim\u00e9s lorsque vous fermez le navigateur.<br \/>\nD&rsquo;autres cookies restent sur votre ordinateur (cookies \u00e0 long terme) et permettent de le reconna\u00eetre lors de votre prochaine visite.<br \/>\nCela nous permet d&rsquo;am\u00e9liorer votre acc\u00e8s \u00e0 notre site.<br \/>\n(2) Vous pouvez emp\u00eacher le stockage des cookies en choisissant l&rsquo;option \u00ab\u00a0d\u00e9sactiver les cookies\u00a0\u00bb dans les param\u00e8tres de votre navigateur.<br \/>\nMais cela peut limiter la fonctionnalit\u00e9 de nos offres Internet.        <\/p>\n<h2>Plug-ins sociaux de Facebook<\/h2>\n<p>  Nous utilisons des plug-ins sociaux de facebook.com, exploit\u00e9 par Facebook Inc. 1601 S. California Ave, Palo Alto, CA 94304, USA.<br \/>\nLes plug-ins sont reconnaissables au logo Facebook ou au compl\u00e9ment \u00ab\u00a0Facebook Social Plug-in\u00a0\u00bb.<br \/>\nPar exemple, si vous cliquez sur le bouton \u00ab\u00a0J&rsquo;aime\u00a0\u00bb ou si vous laissez un commentaire, les informations correspondantes sont transmises directement de votre navigateur \u00e0 Facebook et y sont stock\u00e9es.<br \/>\nEn outre, Facebook rend vos mentions \u00ab\u00a0J&rsquo;aime\u00a0\u00bb publiques pour vos amis Facebook.<br \/>\nSi vous \u00eates connect\u00e9 \u00e0 Facebook, il peut attribuer l&rsquo;invocation de notre page directement \u00e0 votre compte Facebook.<br \/>\nM\u00eame si vous n&rsquo;\u00eates pas connect\u00e9 ou si vous n&rsquo;avez pas de compte Facebook, votre navigateur envoie des informations (par exemple les pages web que vous avez consult\u00e9es, votre adresse IP) qui sont ensuite stock\u00e9es par Facebook.<br \/>\nPour plus de d\u00e9tails sur le traitement de vos donn\u00e9es personnelles par Facebook et sur vos droits en la mati\u00e8re, veuillez consulter la politique de confidentialit\u00e9 des donn\u00e9es de Facebook <a href=\"http:\/\/www.facebook.com\/policy.php\" target=\"_blank\" rel=\"noopener\">: http:\/\/www.facebook.com\/policy.php.<\/a><br \/>\nSi vous ne souhaitez pas que Facebook associe \u00e0 votre compte Facebook les donn\u00e9es collect\u00e9es sur vous via nos sites web, vous devez vous d\u00e9connecter de Facebook avant de visiter nos pages web.         <\/p>\n<h2>Plug-ins sociaux de Twitter<\/h2>\n<p>  Pour Twitter et ses fonctions Retweet, nous utilisons des plug-ins sociaux de Twitter.com, exploit\u00e9 par Twitter Inc. 795 Folsom St., Suite 600, San Francisco, CA 94107. Si vous utilisez Retweet, les sites web que vous visitez sont annonc\u00e9s \u00e0 des tiers et associ\u00e9s \u00e0 votre compte Twitter. Vous trouverez des d\u00e9tails sur le traitement de vos donn\u00e9es par Twitter ainsi que sur vos droits et options de r\u00e9glage pour prot\u00e9ger vos informations personnelles dans la politique de confidentialit\u00e9 des donn\u00e9es de Twitter :  <a href=\"http:\/\/twitter.com\/privacy%20\" target=\"_blank\" rel=\"noopener\">http:\/\/twitter.com\/privacy<br \/>\n <\/a><\/p>\n<h2>Divulgation<\/h2>\n<p>  Conform\u00e9ment \u00e0 la loi f\u00e9d\u00e9rale sur la protection des donn\u00e9es, vous avez le droit d&rsquo;obtenir gratuitement des informations sur les donn\u00e9es enregistr\u00e9es vous concernant, et \u00e9ventuellement le droit de les corriger, de les bloquer ou de les supprimer.<br \/>\nLes demandes peuvent \u00eatre adress\u00e9es aux adresses \u00e9lectroniques suivantes : ( <a href=\"mailto:service@amitamin.com\">service@amitamin.com<\/a> ) <i>Quelle : <\/i><a href=\"http:\/\/www.twigg.de\/datenschutzerklaerungs-generator-en.htm\" target=\"_blank\" rel=\"noopener\">Datenschutzerkl\u00e4rung auf Englisch<\/a> <\/p>\n","protected":false},"excerpt":{"rendered":"<p>D\u00e9claration de confidentialit\u00e9 G\u00e9n\u00e9ral Vos donn\u00e9es personnelles (par exemple, titre, nom, adresse, adresse \u00e9lectronique, num\u00e9ro de t\u00e9l\u00e9phone, coordonn\u00e9es bancaires, num\u00e9ro de carte de cr\u00e9dit) ne sont trait\u00e9es par nous qu&rsquo;en conformit\u00e9 avec les dispositions des lois allemandes sur la protection des donn\u00e9es. Les dispositions suivantes d\u00e9crivent le type, la port\u00e9e et le but de la [&hellip;]<\/p>\n","protected":false},"author":1,"featured_media":0,"parent":0,"menu_order":0,"comment_status":"closed","ping_status":"closed","template":"","meta":{"seo_booster_metabox":"","footnotes":""},"class_list":["post-8068","page","type-page","status-publish","hentry"],"yoast_head":"<!-- This site is optimized with the Yoast SEO plugin v27.2 - https:\/\/yoast.com\/product\/yoast-seo-wordpress\/ -->\n<title>Politique de confidentialit\u00e9 - ovarifert.com<\/title>\n<meta name=\"robots\" content=\"noindex, nofollow\" \/>\n<meta property=\"og:locale\" content=\"fr_FR\" \/>\n<meta property=\"og:type\" content=\"article\" \/>\n<meta property=\"og:title\" content=\"Politique de confidentialit\u00e9 - ovarifert.com\" \/>\n<meta property=\"og:description\" content=\"D\u00e9claration de confidentialit\u00e9 G\u00e9n\u00e9ral Vos donn\u00e9es personnelles (par exemple, titre, nom, adresse, adresse \u00e9lectronique, num\u00e9ro de t\u00e9l\u00e9phone, coordonn\u00e9es bancaires, num\u00e9ro de carte de cr\u00e9dit) ne sont trait\u00e9es par nous qu&rsquo;en conformit\u00e9 avec les dispositions des lois allemandes sur la protection des donn\u00e9es. Les dispositions suivantes d\u00e9crivent le type, la port\u00e9e et le but de la [&hellip;]\" \/>\n<meta property=\"og:url\" content=\"https:\/\/ovarifert.com\/fr\/politique-de-confidentialite\/\" \/>\n<meta property=\"og:site_name\" content=\"ovarifert.com\" \/>\n<meta name=\"twitter:card\" content=\"summary_large_image\" \/>\n<meta name=\"twitter:label1\" content=\"Dur\u00e9e de lecture estim\u00e9e\" \/>\n\t<meta name=\"twitter:data1\" content=\"5 minutes\" \/>\n<script type=\"application\/ld+json\" class=\"yoast-schema-graph\">{\"@context\":\"https:\/\/schema.org\",\"@graph\":[{\"@type\":\"WebPage\",\"@id\":\"https:\/\/ovarifert.com\/fr\/politique-de-confidentialite\/\",\"url\":\"https:\/\/ovarifert.com\/fr\/politique-de-confidentialite\/\",\"name\":\"Politique de confidentialit\u00e9 - ovarifert.com\",\"isPartOf\":{\"@id\":\"https:\/\/ovarifert.com\/de\/#website\"},\"datePublished\":\"2024-08-30T10:48:53+00:00\",\"breadcrumb\":{\"@id\":\"https:\/\/ovarifert.com\/fr\/politique-de-confidentialite\/#breadcrumb\"},\"inLanguage\":\"fr-FR\",\"potentialAction\":[{\"@type\":\"ReadAction\",\"target\":[\"https:\/\/ovarifert.com\/fr\/politique-de-confidentialite\/\"]}]},{\"@type\":\"BreadcrumbList\",\"@id\":\"https:\/\/ovarifert.com\/fr\/politique-de-confidentialite\/#breadcrumb\",\"itemListElement\":[{\"@type\":\"ListItem\",\"position\":1,\"name\":\"Home\",\"item\":\"https:\/\/ovarifert.com\/fr\/amitamin-ovarifert-agir-sur-le-sopk-naturellement\/\"},{\"@type\":\"ListItem\",\"position\":2,\"name\":\"Politique de confidentialit\u00e9\"}]},{\"@type\":\"WebSite\",\"@id\":\"https:\/\/ovarifert.com\/de\/#website\",\"url\":\"https:\/\/ovarifert.com\/de\/\",\"name\":\"ovarifert.com\",\"description\":\"Ovarifert: Increase female fertility!\",\"potentialAction\":[{\"@type\":\"SearchAction\",\"target\":{\"@type\":\"EntryPoint\",\"urlTemplate\":\"https:\/\/ovarifert.com\/de\/?s={search_term_string}\"},\"query-input\":{\"@type\":\"PropertyValueSpecification\",\"valueRequired\":true,\"valueName\":\"search_term_string\"}}],\"inLanguage\":\"fr-FR\"}]}<\/script>\n<!-- \/ Yoast SEO plugin. -->","yoast_head_json":{"title":"Politique de confidentialit\u00e9 - ovarifert.com","robots":{"index":"noindex","follow":"nofollow"},"og_locale":"fr_FR","og_type":"article","og_title":"Politique de confidentialit\u00e9 - ovarifert.com","og_description":"D\u00e9claration de confidentialit\u00e9 G\u00e9n\u00e9ral Vos donn\u00e9es personnelles (par exemple, titre, nom, adresse, adresse \u00e9lectronique, num\u00e9ro de t\u00e9l\u00e9phone, coordonn\u00e9es bancaires, num\u00e9ro de carte de cr\u00e9dit) ne sont trait\u00e9es par nous qu&rsquo;en conformit\u00e9 avec les dispositions des lois allemandes sur la protection des donn\u00e9es. Les dispositions suivantes d\u00e9crivent le type, la port\u00e9e et le but de la [&hellip;]","og_url":"https:\/\/ovarifert.com\/fr\/politique-de-confidentialite\/","og_site_name":"ovarifert.com","twitter_card":"summary_large_image","twitter_misc":{"Dur\u00e9e de lecture estim\u00e9e":"5 minutes"},"schema":{"@context":"https:\/\/schema.org","@graph":[{"@type":"WebPage","@id":"https:\/\/ovarifert.com\/fr\/politique-de-confidentialite\/","url":"https:\/\/ovarifert.com\/fr\/politique-de-confidentialite\/","name":"Politique de confidentialit\u00e9 - ovarifert.com","isPartOf":{"@id":"https:\/\/ovarifert.com\/de\/#website"},"datePublished":"2024-08-30T10:48:53+00:00","breadcrumb":{"@id":"https:\/\/ovarifert.com\/fr\/politique-de-confidentialite\/#breadcrumb"},"inLanguage":"fr-FR","potentialAction":[{"@type":"ReadAction","target":["https:\/\/ovarifert.com\/fr\/politique-de-confidentialite\/"]}]},{"@type":"BreadcrumbList","@id":"https:\/\/ovarifert.com\/fr\/politique-de-confidentialite\/#breadcrumb","itemListElement":[{"@type":"ListItem","position":1,"name":"Home","item":"https:\/\/ovarifert.com\/fr\/amitamin-ovarifert-agir-sur-le-sopk-naturellement\/"},{"@type":"ListItem","position":2,"name":"Politique de confidentialit\u00e9"}]},{"@type":"WebSite","@id":"https:\/\/ovarifert.com\/de\/#website","url":"https:\/\/ovarifert.com\/de\/","name":"ovarifert.com","description":"Ovarifert: Increase female fertility!","potentialAction":[{"@type":"SearchAction","target":{"@type":"EntryPoint","urlTemplate":"https:\/\/ovarifert.com\/de\/?s={search_term_string}"},"query-input":{"@type":"PropertyValueSpecification","valueRequired":true,"valueName":"search_term_string"}}],"inLanguage":"fr-FR"}]}},"_links":{"self":[{"href":"https:\/\/ovarifert.com\/fr\/wp-json\/wp\/v2\/pages\/8068","targetHints":{"allow":["GET"]}}],"collection":[{"href":"https:\/\/ovarifert.com\/fr\/wp-json\/wp\/v2\/pages"}],"about":[{"href":"https:\/\/ovarifert.com\/fr\/wp-json\/wp\/v2\/types\/page"}],"author":[{"embeddable":true,"href":"https:\/\/ovarifert.com\/fr\/wp-json\/wp\/v2\/users\/1"}],"replies":[{"embeddable":true,"href":"https:\/\/ovarifert.com\/fr\/wp-json\/wp\/v2\/comments?post=8068"}],"version-history":[{"count":0,"href":"https:\/\/ovarifert.com\/fr\/wp-json\/wp\/v2\/pages\/8068\/revisions"}],"wp:attachment":[{"href":"https:\/\/ovarifert.com\/fr\/wp-json\/wp\/v2\/media?parent=8068"}],"curies":[{"name":"wp","href":"https:\/\/api.w.org\/{rel}","templated":true}]}}