{"id":8075,"date":"2024-08-30T12:48:56","date_gmt":"2024-08-30T10:48:56","guid":{"rendered":"https:\/\/ovarifert.com\/informativa-sulla-privacy\/"},"modified":"2024-08-30T12:48:56","modified_gmt":"2024-08-30T10:48:56","slug":"informativa-sulla-privacy","status":"publish","type":"page","link":"https:\/\/ovarifert.com\/it\/informativa-sulla-privacy\/","title":{"rendered":"Informativa sulla privacy"},"content":{"rendered":"<h1>Informativa sulla privacy<\/h1>\n<h2>Generale<\/h2>\n<p>  I tuoi dati personali (ad es. titolo, nome, indirizzo di casa, indirizzo e-mail, numero di telefono, coordinate bancarie, numero di carta di credito) vengono da noi trattati esclusivamente in conformit\u00e0 alle disposizioni della legge tedesca sulla privacy.<br \/>\nLe seguenti disposizioni descrivono il tipo, l&#8217;ambito e lo scopo della raccolta, dell&#8217;elaborazione e dell&#8217;utilizzo dei dati personali.<br \/>\nLa presente informativa sulla privacy si applica solo alle nostre pagine web.<br \/>\nSe i link presenti sulle nostre pagine ti indirizzano ad altre pagine, ti invitiamo a informarti sulle modalit\u00e0 di trattamento dei tuoi dati in questi casi.     <\/p>\n<h2>Dati di inventario<\/h2>\n<p>  (1) I tuoi dati personali, nella misura in cui sono necessari per il presente rapporto contrattuale (dati di inventario) in termini di costituzione, organizzazione del contenuto e modifiche, vengono utilizzati esclusivamente per l&#8217;adempimento del contratto.<br \/>\nAd esempio, per la consegna della merce, il tuo nome e il tuo indirizzo devono essere trasmessi al fornitore della merce.<br \/>\n(2) Senza il tuo esplicito consenso o senza una base legale, i tuoi dati personali non vengono trasmessi a terzi al di fuori dell&#8217;ambito dell&#8217;adempimento del contratto.<br \/>\nDopo la conclusione del contratto, i tuoi dati vengono bloccati per impedirne un ulteriore utilizzo.<br \/>\nDopo la scadenza dei termini previsti dalle normative fiscali e commerciali, questi dati vengono cancellati a meno che tu non abbia espressamente acconsentito al loro ulteriore utilizzo.      <\/p>\n<h2>Analisi web con Google Analytics<\/h2>\n<p>  Questo sito web utilizza Google Analytics, un servizio di analisi web di Google Inc. (Google).<br \/>\nGoogle Analytics utilizza dei cookie, ossia dei file di testo che vengono memorizzati sul tuo computer per consentire l&#8217;analisi dell&#8217;utilizzo del sito web da parte tua.<br \/>\nLe informazioni generate dal cookie sull&#8217;utilizzo del sito web da parte dell&#8217;utente vengono solitamente trasmesse a un server di Google negli Stati Uniti e l\u00ec memorizzate.<br \/>\nIn caso di attivazione dell&#8217;anonimizzazione dell&#8217;IP su questo sito web, tuttavia, il tuo indirizzo IP viene precedentemente troncato da Google all&#8217;interno degli Stati membri dell&#8217;Unione Europea o in altri Stati aderenti all&#8217;accordo sullo Spazio Economico Europeo.<br \/>\nSolo in casi eccezionali l&#8217;indirizzo IP completo viene trasmesso a un server di Google negli Stati Uniti e l\u00ec troncato.<br \/>\nA nome del proprietario del sito web, Google utilizzer\u00e0 queste informazioni per valutare l&#8217;utilizzo del sito web da parte dell&#8217;utente, compilare report sulle attivit\u00e0 del sito web e fornire al gestore del sito web ulteriori servizi relativi all&#8217;utilizzo del sito web e di Internet.<br \/>\nL&#8217;indirizzo IP inviato dal tuo browser nell&#8217;ambito di Google Analytics non viene unito ad altri dati da Google.<br \/>\nPuoi impedire la memorizzazione dei cookie impostando in modo appropriato il software del tuo browser; in questo caso, tuttavia, ti ricordiamo che potresti non essere in grado di utilizzare appieno tutte le funzioni offerte da questo sito web.<br \/>\nInoltre, puoi impedire che i dati generati dal cookie e relativi al tuo utilizzo del sito web (incluso il tuo indirizzo IP) vengano raccolti ed elaborati da Google, scaricando e installando un plug-in per il browser dal seguente link: <a href=\"http:\/\/tools.google.com\/dlpage\/gaoptout?hl=en\" target=\"_blank\" rel=\"noopener\">http:\/\/tools.google.com\/dlpage\/gaoptout?hl=en<\/a> Questo sito web utilizza Google Analytics con l&#8217;estensione &#8220;anonymizeIP()&#8221;, gli indirizzi IP vengono troncati prima dell&#8217;ulteriore elaborazione al fine di escludere associazioni dirette a persone.          <\/p>\n<h2>Informazioni sui cookie<\/h2>\n<p>  (1) Per ottimizzare la nostra presenza sul web, utilizziamo i cookie.<br \/>\nSi tratta di piccoli file di testo memorizzati nella memoria principale del tuo computer.<br \/>\nQuesti cookie vengono cancellati dopo la chiusura del browser.<br \/>\nAltri cookie rimangono sul tuo computer (cookie a lungo termine) e ne permettono il riconoscimento alla tua prossima visita.<br \/>\nQuesto ci permette di migliorare il tuo accesso al nostro sito.<br \/>\n(2) Puoi impedire la memorizzazione dei cookie scegliendo l&#8217;opzione &#8220;disattiva cookie&#8221; nelle impostazioni del tuo browser.<br \/>\nTuttavia, ci\u00f2 pu\u00f2 limitare la funzionalit\u00e0 delle nostre offerte Internet.        <\/p>\n<h2>Plug-in sociali di Facebook<\/h2>\n<p>  Utilizziamo i social plug-in di facebook.com, gestito da Facebook Inc., 1601 S. California Ave, Palo Alto, CA 94304, USA.<br \/>\nI plug-in sono riconoscibili dal logo di Facebook o dal supplemento &#8220;Facebook Social Plug-in&#8221;.<br \/>\nAd esempio, se clicchi sul pulsante &#8220;Mi piace&#8221; o lasci un commento, le relative informazioni vengono trasmesse direttamente dal tuo browser a Facebook e memorizzate.<br \/>\nInoltre, Facebook rende pubblici i tuoi &#8220;Mi piace&#8221; per i tuoi amici di Facebook.<br \/>\nSe sei connesso a Facebook, quest&#8217;ultimo pu\u00f2 assegnare l&#8217;invocazione della nostra pagina direttamente al tuo account Facebook.<br \/>\nAnche se non sei connesso o non hai un account Facebook, il tuo browser invia informazioni (ad es. quali pagine web hai richiamato, il tuo indirizzo IP) che vengono memorizzate da Facebook.<br \/>\nPer maggiori informazioni sul trattamento dei tuoi dati personali da parte di Facebook e sui tuoi diritti, consulta l&#8217;informativa sulla privacy di Facebook: <a href=\"http:\/\/www.facebook.com\/policy.php\" target=\"_blank\" rel=\"noopener\">http:\/\/www.facebook.com\/policy.php.<\/a><br \/>\nSe non vuoi che Facebook associ i dati raccolti sui nostri siti web al tuo account Facebook, devi disconnetterti da Facebook prima di visitare le nostre pagine web.         <\/p>\n<h2>Plug-in sociali di Twitter<\/h2>\n<p>  Per quanto riguarda Twitter e le sue funzioni di Retweet, utilizziamo i plug-in sociali di Twitter.com, gestito da Twitter Inc. 795 Folsom St., Suite 600, San Francisco, CA 94107. Se utilizzi Retweet, i siti web da te visitati vengono annunciati a terzi e associati al tuo account Twitter. I dettagli sul trattamento dei tuoi dati da parte di Twitter, nonch\u00e9 i tuoi diritti e le opzioni di impostazione per la protezione dei tuoi dati personali sono disponibili nell&#8217;informativa sulla privacy di Twitter:  <a href=\"http:\/\/twitter.com\/privacy%20\" target=\"_blank\" rel=\"noopener\">http:\/\/twitter.com\/privacy<br \/>\n <\/a><\/p>\n<h2>Divulgazione<\/h2>\n<p>  Ai sensi della legge federale sulla protezione dei dati, hai il diritto di ricevere gratuitamente informazioni sui tuoi dati memorizzati ed eventualmente il diritto alla correzione, al blocco o alla cancellazione di tali dati.<br \/>\nLe richieste possono essere rivolte ai seguenti indirizzi e-mail: ( <a href=\"mailto:service@amitamin.com\">service@amitamin.com<\/a> ) <i>Quelle: <\/i><a href=\"http:\/\/www.twigg.de\/datenschutzerklaerungs-generator-en.htm\" target=\"_blank\" rel=\"noopener\">Datenschutzerkl\u00e4rung auf Englisch<\/a> <\/p>\n","protected":false},"excerpt":{"rendered":"<p>Informativa sulla privacy Generale I tuoi dati personali (ad es. titolo, nome, indirizzo di casa, indirizzo e-mail, numero di telefono, coordinate bancarie, numero di carta di credito) vengono da noi trattati esclusivamente in conformit\u00e0 alle disposizioni della legge tedesca sulla privacy. Le seguenti disposizioni descrivono il tipo, l&#8217;ambito e lo scopo della raccolta, dell&#8217;elaborazione e [&hellip;]<\/p>\n","protected":false},"author":1,"featured_media":0,"parent":0,"menu_order":0,"comment_status":"closed","ping_status":"closed","template":"","meta":{"seo_booster_metabox":"","footnotes":""},"class_list":["post-8075","page","type-page","status-publish","hentry"],"yoast_head":"<!-- This site is optimized with the Yoast SEO plugin v27.4 - https:\/\/yoast.com\/product\/yoast-seo-wordpress\/ -->\n<title>Informativa sulla privacy - ovarifert.com<\/title>\n<meta name=\"robots\" content=\"noindex, nofollow\" \/>\n<meta property=\"og:locale\" content=\"it_IT\" \/>\n<meta property=\"og:type\" content=\"article\" \/>\n<meta property=\"og:title\" content=\"Informativa sulla privacy - ovarifert.com\" \/>\n<meta property=\"og:description\" content=\"Informativa sulla privacy Generale I tuoi dati personali (ad es. titolo, nome, indirizzo di casa, indirizzo e-mail, numero di telefono, coordinate bancarie, numero di carta di credito) vengono da noi trattati esclusivamente in conformit\u00e0 alle disposizioni della legge tedesca sulla privacy. Le seguenti disposizioni descrivono il tipo, l&#8217;ambito e lo scopo della raccolta, dell&#8217;elaborazione e [&hellip;]\" \/>\n<meta property=\"og:url\" content=\"https:\/\/ovarifert.com\/it\/informativa-sulla-privacy\/\" \/>\n<meta property=\"og:site_name\" content=\"ovarifert.com\" \/>\n<meta name=\"twitter:card\" content=\"summary_large_image\" \/>\n<meta name=\"twitter:label1\" content=\"Tempo di lettura stimato\" \/>\n\t<meta name=\"twitter:data1\" content=\"5 minuti\" \/>\n<script type=\"application\/ld+json\" class=\"yoast-schema-graph\">{\"@context\":\"https:\\\/\\\/schema.org\",\"@graph\":[{\"@type\":\"WebPage\",\"@id\":\"https:\\\/\\\/ovarifert.com\\\/it\\\/informativa-sulla-privacy\\\/\",\"url\":\"https:\\\/\\\/ovarifert.com\\\/it\\\/informativa-sulla-privacy\\\/\",\"name\":\"Informativa sulla privacy - ovarifert.com\",\"isPartOf\":{\"@id\":\"https:\\\/\\\/ovarifert.com\\\/de\\\/#website\"},\"datePublished\":\"2024-08-30T10:48:56+00:00\",\"breadcrumb\":{\"@id\":\"https:\\\/\\\/ovarifert.com\\\/it\\\/informativa-sulla-privacy\\\/#breadcrumb\"},\"inLanguage\":\"it-IT\",\"potentialAction\":[{\"@type\":\"ReadAction\",\"target\":[\"https:\\\/\\\/ovarifert.com\\\/it\\\/informativa-sulla-privacy\\\/\"]}]},{\"@type\":\"BreadcrumbList\",\"@id\":\"https:\\\/\\\/ovarifert.com\\\/it\\\/informativa-sulla-privacy\\\/#breadcrumb\",\"itemListElement\":[{\"@type\":\"ListItem\",\"position\":1,\"name\":\"Home\",\"item\":\"https:\\\/\\\/ovarifert.com\\\/it\\\/amitamin-ovarifert-tratta-la-pcos-naturalmente\\\/\"},{\"@type\":\"ListItem\",\"position\":2,\"name\":\"Informativa sulla privacy\"}]},{\"@type\":\"WebSite\",\"@id\":\"https:\\\/\\\/ovarifert.com\\\/de\\\/#website\",\"url\":\"https:\\\/\\\/ovarifert.com\\\/de\\\/\",\"name\":\"ovarifert.com\",\"description\":\"Ovarifert: Increase female fertility!\",\"potentialAction\":[{\"@type\":\"SearchAction\",\"target\":{\"@type\":\"EntryPoint\",\"urlTemplate\":\"https:\\\/\\\/ovarifert.com\\\/de\\\/?s={search_term_string}\"},\"query-input\":{\"@type\":\"PropertyValueSpecification\",\"valueRequired\":true,\"valueName\":\"search_term_string\"}}],\"inLanguage\":\"it-IT\"}]}<\/script>\n<!-- \/ Yoast SEO plugin. -->","yoast_head_json":{"title":"Informativa sulla privacy - ovarifert.com","robots":{"index":"noindex","follow":"nofollow"},"og_locale":"it_IT","og_type":"article","og_title":"Informativa sulla privacy - ovarifert.com","og_description":"Informativa sulla privacy Generale I tuoi dati personali (ad es. titolo, nome, indirizzo di casa, indirizzo e-mail, numero di telefono, coordinate bancarie, numero di carta di credito) vengono da noi trattati esclusivamente in conformit\u00e0 alle disposizioni della legge tedesca sulla privacy. Le seguenti disposizioni descrivono il tipo, l&#8217;ambito e lo scopo della raccolta, dell&#8217;elaborazione e [&hellip;]","og_url":"https:\/\/ovarifert.com\/it\/informativa-sulla-privacy\/","og_site_name":"ovarifert.com","twitter_card":"summary_large_image","twitter_misc":{"Tempo di lettura stimato":"5 minuti"},"schema":{"@context":"https:\/\/schema.org","@graph":[{"@type":"WebPage","@id":"https:\/\/ovarifert.com\/it\/informativa-sulla-privacy\/","url":"https:\/\/ovarifert.com\/it\/informativa-sulla-privacy\/","name":"Informativa sulla privacy - ovarifert.com","isPartOf":{"@id":"https:\/\/ovarifert.com\/de\/#website"},"datePublished":"2024-08-30T10:48:56+00:00","breadcrumb":{"@id":"https:\/\/ovarifert.com\/it\/informativa-sulla-privacy\/#breadcrumb"},"inLanguage":"it-IT","potentialAction":[{"@type":"ReadAction","target":["https:\/\/ovarifert.com\/it\/informativa-sulla-privacy\/"]}]},{"@type":"BreadcrumbList","@id":"https:\/\/ovarifert.com\/it\/informativa-sulla-privacy\/#breadcrumb","itemListElement":[{"@type":"ListItem","position":1,"name":"Home","item":"https:\/\/ovarifert.com\/it\/amitamin-ovarifert-tratta-la-pcos-naturalmente\/"},{"@type":"ListItem","position":2,"name":"Informativa sulla privacy"}]},{"@type":"WebSite","@id":"https:\/\/ovarifert.com\/de\/#website","url":"https:\/\/ovarifert.com\/de\/","name":"ovarifert.com","description":"Ovarifert: Increase female fertility!","potentialAction":[{"@type":"SearchAction","target":{"@type":"EntryPoint","urlTemplate":"https:\/\/ovarifert.com\/de\/?s={search_term_string}"},"query-input":{"@type":"PropertyValueSpecification","valueRequired":true,"valueName":"search_term_string"}}],"inLanguage":"it-IT"}]}},"_links":{"self":[{"href":"https:\/\/ovarifert.com\/it\/wp-json\/wp\/v2\/pages\/8075","targetHints":{"allow":["GET"]}}],"collection":[{"href":"https:\/\/ovarifert.com\/it\/wp-json\/wp\/v2\/pages"}],"about":[{"href":"https:\/\/ovarifert.com\/it\/wp-json\/wp\/v2\/types\/page"}],"author":[{"embeddable":true,"href":"https:\/\/ovarifert.com\/it\/wp-json\/wp\/v2\/users\/1"}],"replies":[{"embeddable":true,"href":"https:\/\/ovarifert.com\/it\/wp-json\/wp\/v2\/comments?post=8075"}],"version-history":[{"count":0,"href":"https:\/\/ovarifert.com\/it\/wp-json\/wp\/v2\/pages\/8075\/revisions"}],"wp:attachment":[{"href":"https:\/\/ovarifert.com\/it\/wp-json\/wp\/v2\/media?parent=8075"}],"curies":[{"name":"wp","href":"https:\/\/api.w.org\/{rel}","templated":true}]}}