{"id":8071,"date":"2024-08-30T12:48:54","date_gmt":"2024-08-30T10:48:54","guid":{"rendered":"https:\/\/ovarifert.com\/politica-de-privacidade\/"},"modified":"2024-08-30T12:48:54","modified_gmt":"2024-08-30T10:48:54","slug":"politica-de-privacidade","status":"publish","type":"page","link":"https:\/\/ovarifert.com\/pt-br\/politica-de-privacidade\/","title":{"rendered":"Pol\u00edtica de privacidade"},"content":{"rendered":"<h1>Declara\u00e7\u00e3o de privacidade<\/h1>\n<h2>Geral<\/h2>\n<p>  Seus dados pessoais (por exemplo, t\u00edtulo, nome, endere\u00e7o residencial, endere\u00e7o de e-mail, n\u00famero de telefone, dados banc\u00e1rios, n\u00famero de cart\u00e3o de cr\u00e9dito) s\u00e3o processados por n\u00f3s somente de acordo com as disposi\u00e7\u00f5es das leis alem\u00e3s de privacidade de dados.<br \/>\nAs disposi\u00e7\u00f5es a seguir descrevem o tipo, o escopo e a finalidade da coleta, do processamento e da utiliza\u00e7\u00e3o de dados pessoais.<br \/>\nEsta pol\u00edtica de privacidade de dados aplica-se somente \u00e0s nossas p\u00e1ginas da Web.<br \/>\nSe os links em nossas p\u00e1ginas levarem voc\u00ea a outras p\u00e1ginas, informe-se sobre como seus dados s\u00e3o tratados nesses casos.     <\/p>\n<h2>Dados de invent\u00e1rio<\/h2>\n<p>  (1) Seus dados pessoais, na medida em que sejam necess\u00e1rios para esta rela\u00e7\u00e3o contratual (dados de invent\u00e1rio) em termos de seu estabelecimento, organiza\u00e7\u00e3o de conte\u00fado e modifica\u00e7\u00f5es, s\u00e3o usados exclusivamente para o cumprimento do contrato.<br \/>\nPara que as mercadorias sejam entregues, por exemplo, seu nome e endere\u00e7o devem ser transmitidos ao fornecedor das mercadorias.<br \/>\n(2) Sem o seu consentimento expl\u00edcito ou uma base legal, seus dados pessoais n\u00e3o ser\u00e3o repassados a terceiros fora do escopo do cumprimento deste contrato.<br \/>\nAp\u00f3s a conclus\u00e3o do contrato, seus dados ser\u00e3o bloqueados contra uso posterior.<br \/>\nAp\u00f3s a expira\u00e7\u00e3o dos prazos de acordo com as regulamenta\u00e7\u00f5es comerciais e fiscais, esses dados ser\u00e3o exclu\u00eddos, a menos que voc\u00ea tenha consentido expressamente com seu uso posterior.      <\/p>\n<h2>An\u00e1lise da Web com o Google Analytics<\/h2>\n<p>  Este site usa o Google Analytics, um servi\u00e7o de an\u00e1lise da Web do Google Inc. (Google).<br \/>\nO Google Analytics usa cookies, ou seja, arquivos de texto armazenados no seu computador para permitir a an\u00e1lise do uso do site por voc\u00ea.<br \/>\nAs informa\u00e7\u00f5es geradas pelo cookie sobre o uso que voc\u00ea faz deste site geralmente s\u00e3o transmitidas para um servidor do Google nos Estados Unidos e armazenadas l\u00e1.<br \/>\nNo caso de anonimiza\u00e7\u00e3o de IP ativada neste site, no entanto, seu endere\u00e7o IP \u00e9 previamente truncado pelo Google nos estados membros da Uni\u00e3o Europeia ou em outros estados que fazem parte do acordo sobre o Espa\u00e7o Econ\u00f4mico Europeu.<br \/>\nSomente em casos excepcionais um endere\u00e7o IP completo \u00e9 transmitido para um servidor do Google nos Estados Unidos e truncado l\u00e1.<br \/>\nEm nome do propriet\u00e1rio deste site, o Google usar\u00e1 essas informa\u00e7\u00f5es para avaliar o uso que voc\u00ea faz do site, compilar relat\u00f3rios sobre as atividades do site e fornecer ao operador do site outros servi\u00e7os relacionados ao uso do site e da Internet.<br \/>\nO endere\u00e7o IP enviado pelo seu navegador como parte do Google Analytics n\u00e3o \u00e9 mesclado com outros dados pelo Google.<br \/>\nVoc\u00ea pode impedir o armazenamento de cookies configurando adequadamente o software do navegador; nesse caso, no entanto, observe que talvez voc\u00ea n\u00e3o consiga usar totalmente todas as fun\u00e7\u00f5es oferecidas por este site.<br \/>\nAl\u00e9m disso, voc\u00ea pode impedir que os dados gerados pelo cookie e relacionados ao seu uso do site (incluindo seu endere\u00e7o IP) sejam coletados e processados pelo Google, baixando e instalando um plug-in de navegador a partir do seguinte link: <a href=\"http:\/\/tools.google.com\/dlpage\/gaoptout?hl=en\" target=\"_blank\" rel=\"noopener\">http:\/\/tools.google.com\/dlpage\/gaoptout?hl=en<\/a> Este site usa o Google Analytics com a extens\u00e3o &#8220;anonymizeIP()&#8221;, sendo os endere\u00e7os IP truncados antes do processamento posterior para excluir associa\u00e7\u00f5es diretas a pessoas.          <\/p>\n<h2>Informa\u00e7\u00f5es sobre cookies<\/h2>\n<p>  (1) Para otimizar nossa presen\u00e7a na Web, usamos cookies.<br \/>\nEsses s\u00e3o pequenos arquivos de texto armazenados na mem\u00f3ria principal do seu computador.<br \/>\nEsses cookies s\u00e3o exclu\u00eddos depois que voc\u00ea fecha o navegador.<br \/>\nOutros cookies permanecem em seu computador (cookies de longo prazo) e permitem que voc\u00ea os reconhe\u00e7a em sua pr\u00f3xima visita.<br \/>\nIsso nos permite melhorar o seu acesso ao nosso site.<br \/>\n(2) Voc\u00ea pode impedir o armazenamento de cookies escolhendo a op\u00e7\u00e3o &#8220;desativar cookies&#8221; nas configura\u00e7\u00f5es do navegador.<br \/>\nNo entanto, isso pode limitar a funcionalidade de nossas ofertas na Internet.        <\/p>\n<h2>Plug-ins sociais do Facebook<\/h2>\n<p>  Usamos plug-ins sociais do facebook.com, operado pelo Facebook Inc., 1601 S. California Ave, Palo Alto, CA 94304, EUA.<br \/>\nOs plug-ins podem ser reconhecidos por meio do logotipo do Facebook ou do suplemento &#8220;Facebook Social Plug-in&#8221;.<br \/>\nPor exemplo, se voc\u00ea clicar no bot\u00e3o &#8220;Curtir&#8221; ou deixar um coment\u00e1rio, as informa\u00e7\u00f5es relevantes ser\u00e3o transmitidas diretamente do seu navegador para o Facebook e armazenadas l\u00e1.<br \/>\nAl\u00e9m disso, o Facebook torna suas curtidas p\u00fablicas para seus amigos do Facebook.<br \/>\nSe voc\u00ea estiver conectado ao Facebook, ele poder\u00e1 atribuir a invoca\u00e7\u00e3o de nossa p\u00e1gina diretamente \u00e0 sua conta do Facebook.<br \/>\nMesmo que voc\u00ea n\u00e3o esteja conectado ou n\u00e3o tenha uma conta no Facebook, seu navegador envia informa\u00e7\u00f5es (por exemplo, quais p\u00e1ginas da Web voc\u00ea acessou, seu endere\u00e7o IP) que s\u00e3o armazenadas pelo Facebook.<br \/>\nPara obter detalhes sobre o manuseio de seus dados pessoais pelo Facebook e seus direitos relacionados, consulte a pol\u00edtica de privacidade de dados do Facebook: <a href=\"http:\/\/www.facebook.com\/policy.php\" target=\"_blank\" rel=\"noopener\">http:\/\/www.facebook.com\/policy.php.<\/a><br \/>\nSe n\u00e3o quiser que o Facebook mapeie os dados coletados sobre voc\u00ea por meio de nossos sites para a sua conta do Facebook, voc\u00ea dever\u00e1 sair do Facebook antes de visitar nossas p\u00e1ginas da Web.         <\/p>\n<h2>Plug-ins sociais do Twitter<\/h2>\n<p>  Com o Twitter e suas fun\u00e7\u00f5es de Retweet, usamos plug-ins sociais do Twitter.com, operado pela Twitter Inc., 795 Folsom St. 795 Folsom St., Suite 600, S\u00e3o Francisco, CA 94107. Se voc\u00ea usar o Retweet, os sites visitados por voc\u00ea ser\u00e3o anunciados a terceiros e associados \u00e0 sua conta do Twitter. Detalhes sobre o manuseio de seus dados pelo Twitter, bem como seus direitos e op\u00e7\u00f5es de configura\u00e7\u00e3o para proteger suas informa\u00e7\u00f5es pessoais podem ser encontrados na pol\u00edtica de privacidade de dados do Twitter:  <a href=\"http:\/\/twitter.com\/privacy%20\" target=\"_blank\" rel=\"noopener\">http:\/\/twitter.com\/privacy<br \/>\n <\/a><\/p>\n<h2>Divulga\u00e7\u00e3o<\/h2>\n<p>  De acordo com a Lei Federal de Prote\u00e7\u00e3o de Dados, voc\u00ea tem o direito de obter informa\u00e7\u00f5es gratuitas sobre seus dados armazenados e, possivelmente, o direito de corre\u00e7\u00e3o, bloqueio ou exclus\u00e3o desses dados.<br \/>\nVoc\u00ea pode enviar<a href=\"http:\/\/www.twigg.de\/datenschutzerklaerungs-generator-en.htm\" target=\"_blank\" rel=\"noopener\">suas<\/a> d\u00favidas para os seguintes endere\u00e7os de e-mail: ( <a href=\"mailto:service@amitamin.com\">service@amitamin.com<\/a> ) <i>Quelle: <\/i><a href=\"http:\/\/www.twigg.de\/datenschutzerklaerungs-generator-en.htm\" target=\"_blank\" rel=\"noopener\">Datenschutzerkl\u00e4rung auf Englisch<\/a> <\/p>\n","protected":false},"excerpt":{"rendered":"<p>Declara\u00e7\u00e3o de privacidade Geral Seus dados pessoais (por exemplo, t\u00edtulo, nome, endere\u00e7o residencial, endere\u00e7o de e-mail, n\u00famero de telefone, dados banc\u00e1rios, n\u00famero de cart\u00e3o de cr\u00e9dito) s\u00e3o processados por n\u00f3s somente de acordo com as disposi\u00e7\u00f5es das leis alem\u00e3s de privacidade de dados. As disposi\u00e7\u00f5es a seguir descrevem o tipo, o escopo e a finalidade [&hellip;]<\/p>\n","protected":false},"author":1,"featured_media":0,"parent":0,"menu_order":0,"comment_status":"closed","ping_status":"closed","template":"","meta":{"seo_booster_metabox":"","footnotes":""},"class_list":["post-8071","page","type-page","status-publish","hentry"],"yoast_head":"<!-- This site is optimized with the Yoast SEO plugin v27.2 - https:\/\/yoast.com\/product\/yoast-seo-wordpress\/ -->\n<title>Pol\u00edtica de privacidade - ovarifert.com<\/title>\n<meta name=\"robots\" content=\"noindex, nofollow\" \/>\n<meta property=\"og:locale\" content=\"pt_BR\" \/>\n<meta property=\"og:type\" content=\"article\" \/>\n<meta property=\"og:title\" content=\"Pol\u00edtica de privacidade - ovarifert.com\" \/>\n<meta property=\"og:description\" content=\"Declara\u00e7\u00e3o de privacidade Geral Seus dados pessoais (por exemplo, t\u00edtulo, nome, endere\u00e7o residencial, endere\u00e7o de e-mail, n\u00famero de telefone, dados banc\u00e1rios, n\u00famero de cart\u00e3o de cr\u00e9dito) s\u00e3o processados por n\u00f3s somente de acordo com as disposi\u00e7\u00f5es das leis alem\u00e3s de privacidade de dados. As disposi\u00e7\u00f5es a seguir descrevem o tipo, o escopo e a finalidade [&hellip;]\" \/>\n<meta property=\"og:url\" content=\"https:\/\/ovarifert.com\/pt-br\/politica-de-privacidade\/\" \/>\n<meta property=\"og:site_name\" content=\"ovarifert.com\" \/>\n<meta name=\"twitter:card\" content=\"summary_large_image\" \/>\n<meta name=\"twitter:label1\" content=\"Est. tempo de leitura\" \/>\n\t<meta name=\"twitter:data1\" content=\"5 minutos\" \/>\n<script type=\"application\/ld+json\" class=\"yoast-schema-graph\">{\"@context\":\"https:\/\/schema.org\",\"@graph\":[{\"@type\":\"WebPage\",\"@id\":\"https:\/\/ovarifert.com\/pt-br\/politica-de-privacidade\/\",\"url\":\"https:\/\/ovarifert.com\/pt-br\/politica-de-privacidade\/\",\"name\":\"Pol\u00edtica de privacidade - ovarifert.com\",\"isPartOf\":{\"@id\":\"https:\/\/ovarifert.com\/de\/#website\"},\"datePublished\":\"2024-08-30T10:48:54+00:00\",\"breadcrumb\":{\"@id\":\"https:\/\/ovarifert.com\/pt-br\/politica-de-privacidade\/#breadcrumb\"},\"inLanguage\":\"pt-BR\",\"potentialAction\":[{\"@type\":\"ReadAction\",\"target\":[\"https:\/\/ovarifert.com\/pt-br\/politica-de-privacidade\/\"]}]},{\"@type\":\"BreadcrumbList\",\"@id\":\"https:\/\/ovarifert.com\/pt-br\/politica-de-privacidade\/#breadcrumb\",\"itemListElement\":[{\"@type\":\"ListItem\",\"position\":1,\"name\":\"Home\",\"item\":\"https:\/\/ovarifert.com\/pt-br\/amitamin-ovarifert-trate-a-sop-naturalmente\/\"},{\"@type\":\"ListItem\",\"position\":2,\"name\":\"Pol\u00edtica de privacidade\"}]},{\"@type\":\"WebSite\",\"@id\":\"https:\/\/ovarifert.com\/de\/#website\",\"url\":\"https:\/\/ovarifert.com\/de\/\",\"name\":\"ovarifert.com\",\"description\":\"Ovarifert: Increase female fertility!\",\"potentialAction\":[{\"@type\":\"SearchAction\",\"target\":{\"@type\":\"EntryPoint\",\"urlTemplate\":\"https:\/\/ovarifert.com\/de\/?s={search_term_string}\"},\"query-input\":{\"@type\":\"PropertyValueSpecification\",\"valueRequired\":true,\"valueName\":\"search_term_string\"}}],\"inLanguage\":\"pt-BR\"}]}<\/script>\n<!-- \/ Yoast SEO plugin. -->","yoast_head_json":{"title":"Pol\u00edtica de privacidade - ovarifert.com","robots":{"index":"noindex","follow":"nofollow"},"og_locale":"pt_BR","og_type":"article","og_title":"Pol\u00edtica de privacidade - ovarifert.com","og_description":"Declara\u00e7\u00e3o de privacidade Geral Seus dados pessoais (por exemplo, t\u00edtulo, nome, endere\u00e7o residencial, endere\u00e7o de e-mail, n\u00famero de telefone, dados banc\u00e1rios, n\u00famero de cart\u00e3o de cr\u00e9dito) s\u00e3o processados por n\u00f3s somente de acordo com as disposi\u00e7\u00f5es das leis alem\u00e3s de privacidade de dados. As disposi\u00e7\u00f5es a seguir descrevem o tipo, o escopo e a finalidade [&hellip;]","og_url":"https:\/\/ovarifert.com\/pt-br\/politica-de-privacidade\/","og_site_name":"ovarifert.com","twitter_card":"summary_large_image","twitter_misc":{"Est. tempo de leitura":"5 minutos"},"schema":{"@context":"https:\/\/schema.org","@graph":[{"@type":"WebPage","@id":"https:\/\/ovarifert.com\/pt-br\/politica-de-privacidade\/","url":"https:\/\/ovarifert.com\/pt-br\/politica-de-privacidade\/","name":"Pol\u00edtica de privacidade - ovarifert.com","isPartOf":{"@id":"https:\/\/ovarifert.com\/de\/#website"},"datePublished":"2024-08-30T10:48:54+00:00","breadcrumb":{"@id":"https:\/\/ovarifert.com\/pt-br\/politica-de-privacidade\/#breadcrumb"},"inLanguage":"pt-BR","potentialAction":[{"@type":"ReadAction","target":["https:\/\/ovarifert.com\/pt-br\/politica-de-privacidade\/"]}]},{"@type":"BreadcrumbList","@id":"https:\/\/ovarifert.com\/pt-br\/politica-de-privacidade\/#breadcrumb","itemListElement":[{"@type":"ListItem","position":1,"name":"Home","item":"https:\/\/ovarifert.com\/pt-br\/amitamin-ovarifert-trate-a-sop-naturalmente\/"},{"@type":"ListItem","position":2,"name":"Pol\u00edtica de privacidade"}]},{"@type":"WebSite","@id":"https:\/\/ovarifert.com\/de\/#website","url":"https:\/\/ovarifert.com\/de\/","name":"ovarifert.com","description":"Ovarifert: Increase female fertility!","potentialAction":[{"@type":"SearchAction","target":{"@type":"EntryPoint","urlTemplate":"https:\/\/ovarifert.com\/de\/?s={search_term_string}"},"query-input":{"@type":"PropertyValueSpecification","valueRequired":true,"valueName":"search_term_string"}}],"inLanguage":"pt-BR"}]}},"_links":{"self":[{"href":"https:\/\/ovarifert.com\/pt-br\/wp-json\/wp\/v2\/pages\/8071","targetHints":{"allow":["GET"]}}],"collection":[{"href":"https:\/\/ovarifert.com\/pt-br\/wp-json\/wp\/v2\/pages"}],"about":[{"href":"https:\/\/ovarifert.com\/pt-br\/wp-json\/wp\/v2\/types\/page"}],"author":[{"embeddable":true,"href":"https:\/\/ovarifert.com\/pt-br\/wp-json\/wp\/v2\/users\/1"}],"replies":[{"embeddable":true,"href":"https:\/\/ovarifert.com\/pt-br\/wp-json\/wp\/v2\/comments?post=8071"}],"version-history":[{"count":0,"href":"https:\/\/ovarifert.com\/pt-br\/wp-json\/wp\/v2\/pages\/8071\/revisions"}],"wp:attachment":[{"href":"https:\/\/ovarifert.com\/pt-br\/wp-json\/wp\/v2\/media?parent=8071"}],"curies":[{"name":"wp","href":"https:\/\/api.w.org\/{rel}","templated":true}]}}