{"id":8069,"date":"2024-08-30T12:48:54","date_gmt":"2024-08-30T10:48:54","guid":{"rendered":"https:\/\/ovarifert.com\/integritetspolicy\/"},"modified":"2024-08-30T12:48:54","modified_gmt":"2024-08-30T10:48:54","slug":"integritetspolicy","status":"publish","type":"page","link":"https:\/\/ovarifert.com\/sv\/integritetspolicy\/","title":{"rendered":"Integritetspolicy"},"content":{"rendered":"<h1>Integritetspolicy<\/h1>\n<h2>Allm\u00e4nt<\/h2>\n<p>  Dina personuppgifter (t.ex. titel, namn, bostadsadress, e-postadress, telefonnummer, bankuppgifter, kreditkortsnummer) behandlas av oss endast i enlighet med best\u00e4mmelserna i tysk dataskyddslagstiftning.<br \/>\nF\u00f6ljande best\u00e4mmelser beskriver typ, omfattning och syfte med insamling, bearbetning och anv\u00e4ndning av personuppgifter.<br \/>\nDenna dataskyddspolicy g\u00e4ller endast f\u00f6r v\u00e5ra webbsidor.<br \/>\nOm l\u00e4nkar p\u00e5 v\u00e5ra sidor leder dig till andra sidor, v\u00e4nligen fr\u00e5ga d\u00e4r om hur dina uppgifter hanteras i s\u00e5dana fall.     <\/p>\n<h2>Inventeringsdata<\/h2>\n<p>  (1) Dina personuppgifter, i den m\u00e5n de \u00e4r n\u00f6dv\u00e4ndiga f\u00f6r detta avtalsf\u00f6rh\u00e5llande (lagerdata) n\u00e4r det g\u00e4ller dess uppr\u00e4ttande, organisation av inneh\u00e5ll och \u00e4ndringar, anv\u00e4nds uteslutande f\u00f6r att fullg\u00f6ra avtalet.<br \/>\nF\u00f6r att varor ska kunna levereras m\u00e5ste t.ex. ditt namn och din adress vidarebefordras till leverant\u00f6ren av varorna.<br \/>\n(2) Utan ditt uttryckliga samtycke eller en r\u00e4ttslig grund kommer dina personuppgifter inte att vidarebefordras till tredje part utanf\u00f6r ramen f\u00f6r fullg\u00f6randet av detta avtal.<br \/>\nEfter att avtalet har fullgjorts sp\u00e4rras dina uppgifter f\u00f6r vidare anv\u00e4ndning.<br \/>\nEfter utg\u00e5ngen av tidsfrister enligt skatterelaterade och kommersiella best\u00e4mmelser raderas dessa uppgifter, s\u00e5vida du inte uttryckligen har samtyckt till att de anv\u00e4nds ytterligare.      <\/p>\n<h2>Webbanalys med Google Analytics<\/h2>\n<p>  Denna webbplats anv\u00e4nder Google Analytics, en webbanalystj\u00e4nst fr\u00e5n Google Inc. (Google).<br \/>\nGoogle Analytics anv\u00e4nder cookies, d.v.s. textfiler som lagras p\u00e5 din dator f\u00f6r att m\u00f6jligg\u00f6ra en analys av hur du anv\u00e4nder webbplatsen.<br \/>\nInformation som genereras av cookien om din anv\u00e4ndning av denna webbplats \u00f6verf\u00f6rs vanligtvis till en Google-server i USA och lagras d\u00e4r.<br \/>\nVid aktiverad IP-anonymisering p\u00e5 denna webbplats trunkeras dock din IP-adress tidigare av Google inom medlemsl\u00e4nderna i Europeiska unionen eller i andra stater som \u00e4r parter i avtalet om Europeiska ekonomiska samarbetsomr\u00e5det.<br \/>\nEndast i undantagsfall \u00f6verf\u00f6rs en fullst\u00e4ndig IP-adress till en Google-server i USA och trunkeras d\u00e4r.<br \/>\nP\u00e5 uppdrag av webbplatsens \u00e4gare kommer Google att anv\u00e4nda denna information f\u00f6r att utv\u00e4rdera din anv\u00e4ndning av webbplatsen, sammanst\u00e4lla rapporter om webbplatsaktiviteter och f\u00f6rse webbplatsens operat\u00f6r med ytterligare tj\u00e4nster relaterade till webbplats- och internetanv\u00e4ndning.<br \/>\nIP-adressen som skickas fr\u00e5n din webbl\u00e4sare som en del av Google Analytics sammanf\u00f6rs inte med andra data av Google.<br \/>\nDu kan f\u00f6rhindra lagring av cookies genom att st\u00e4lla in din webbl\u00e4sares programvara p\u00e5 l\u00e4mpligt s\u00e4tt; i detta fall b\u00f6r du dock notera att du kanske inte kan anv\u00e4nda alla funktioner som erbjuds av denna webbplats fullt ut.<br \/>\nDessutom kan du f\u00f6rhindra att data som genereras av cookien och som r\u00f6r din anv\u00e4ndning av webbplatsen (inklusive din IP-adress) samlas in och bearbetas av Google genom att ladda ner och installera en webbl\u00e4sarplugin fr\u00e5n f\u00f6ljande l\u00e4nk: <a href=\"http:\/\/tools.google.com\/dlpage\/gaoptout?hl=en\" target=\"_blank\" rel=\"noopener\">http:\/\/tools.google.com\/dlpage\/gaoptout?hl=en<\/a> Denna webbplats anv\u00e4nder Google Analytics med till\u00e4gget &#8221;anonymizeIP()&#8221;, IP-adresser trunkeras f\u00f6re vidare bearbetning f\u00f6r att utesluta direkta kopplingar till personer.          <\/p>\n<h2>Information om cookies<\/h2>\n<p>  (1) F\u00f6r att optimera v\u00e5r webbn\u00e4rvaro anv\u00e4nder vi cookies.<br \/>\nDessa \u00e4r sm\u00e5 textfiler som lagras i din dators huvudminne.<br \/>\nDessa cookies raderas n\u00e4r du st\u00e4nger webbl\u00e4saren.<br \/>\nAndra cookies ligger kvar p\u00e5 din dator (l\u00e5ngtidscookies) och g\u00f6r det m\u00f6jligt att k\u00e4nna igen dem vid ditt n\u00e4sta bes\u00f6k.<br \/>\nDetta g\u00f6r det m\u00f6jligt f\u00f6r oss att f\u00f6rb\u00e4ttra din tillg\u00e5ng till v\u00e5r webbplats.<br \/>\n(2) Du kan f\u00f6rhindra lagring av cookies genom att v\u00e4lja alternativet &#8221;inaktivera cookies&#8221; i inst\u00e4llningarna f\u00f6r din webbl\u00e4sare.<br \/>\nDetta kan dock leda till att funktionaliteten i v\u00e5ra interneterbjudanden begr\u00e4nsas.        <\/p>\n<h2>Sociala insticksprogram fr\u00e5n Facebook<\/h2>\n<p>  Vi anv\u00e4nder sociala plug-ins fr\u00e5n facebook.com, som drivs av Facebook Inc, 1601 S. California Ave, Palo Alto, CA 94304, USA.<br \/>\nInsticksprogrammen k\u00e4nns igen p\u00e5 Facebook-logotypen eller till\u00e4gget &#8221;Facebook Social Plug-in&#8221;.<br \/>\nOm du t.ex. klickar p\u00e5 &#8221;Gilla&#8221;-knappen eller l\u00e4mnar en kommentar, \u00f6verf\u00f6rs den relevanta informationen direkt fr\u00e5n din webbl\u00e4sare till Facebook och lagras d\u00e4r.<br \/>\nDessutom g\u00f6r Facebook dina gillamarkeringar offentliga f\u00f6r dina Facebook-v\u00e4nner.<br \/>\nOm du \u00e4r inloggad p\u00e5 Facebook kan det tilldela anropet av v\u00e5r sida direkt till ditt Facebook-konto.<br \/>\n\u00c4ven om du inte \u00e4r inloggad eller inte har n\u00e5got Facebook-konto skickar din webbl\u00e4sare information (t.ex. vilka webbsidor du har \u00f6ppnat, din IP-adress) som sedan lagras av Facebook.<br \/>\nMer information om Facebooks hantering av dina personuppgifter och dina r\u00e4ttigheter i samband med <a href=\"http:\/\/www.facebook.com\/policy.php\" target=\"_blank\" rel=\"noopener\">detta<\/a> finns i Facebooks integritetspolicy: <a href=\"http:\/\/www.facebook.com\/policy.php\" target=\"_blank\" rel=\"noopener\">http:\/\/www.facebook.com\/policy.php.<\/a><br \/>\nOm du inte vill att Facebook ska koppla uppgifter som samlas in om dig via v\u00e5ra webbplatser till ditt Facebook-konto, m\u00e5ste du logga ut fr\u00e5n Facebook innan du bes\u00f6ker v\u00e5ra webbplatser.         <\/p>\n<h2>Sociala insticksprogram fr\u00e5n Twitter<\/h2>\n<p>  Med Twitter och dess Retweet-funktioner anv\u00e4nder vi sociala plug-ins fr\u00e5n Twitter.com, som drivs av Twitter Inc. 795 Folsom St., Suite 600, San Francisco, CA 94107. Om du anv\u00e4nder Retweet meddelas de webbplatser som du bes\u00f6ker till tredje part och associeras med ditt Twitter-konto. Detaljer om hur Twitter hanterar dina uppgifter samt dina r\u00e4ttigheter och inst\u00e4llningsm\u00f6jligheter f\u00f6r att skydda dina personuppgifter finns i Twitters dataskyddspolicy:  <a href=\"http:\/\/twitter.com\/privacy%20\" target=\"_blank\" rel=\"noopener\">http:\/\/twitter.com\/privacy<br \/>\n <\/a><\/p>\n<h2>Offentligg\u00f6rande<\/h2>\n<p>  Enligt den federala dataskyddslagen har du r\u00e4tt till kostnadsfri information om dina lagrade uppgifter och eventuellt r\u00e4tt till korrigering, blockering eller radering av s\u00e5dana uppgifter.<br \/>\nF\u00f6rfr\u00e5gningar kan st\u00e4llas till f\u00f6ljande e-postadresser: ( <a href=\"mailto:service@amitamin.com\">service@amitamin.com<\/a> ) <i>Quelle: <\/i><a href=\"http:\/\/www.twigg.de\/datenschutzerklaerungs-generator-en.htm\" target=\"_blank\" rel=\"noopener\">Datenschutzerkl\u00e4rung auf Englisch<\/a> <\/p>\n","protected":false},"excerpt":{"rendered":"<p>Integritetspolicy Allm\u00e4nt Dina personuppgifter (t.ex. titel, namn, bostadsadress, e-postadress, telefonnummer, bankuppgifter, kreditkortsnummer) behandlas av oss endast i enlighet med best\u00e4mmelserna i tysk dataskyddslagstiftning. F\u00f6ljande best\u00e4mmelser beskriver typ, omfattning och syfte med insamling, bearbetning och anv\u00e4ndning av personuppgifter. Denna dataskyddspolicy g\u00e4ller endast f\u00f6r v\u00e5ra webbsidor. Om l\u00e4nkar p\u00e5 v\u00e5ra sidor leder dig till andra sidor, v\u00e4nligen [&hellip;]<\/p>\n","protected":false},"author":1,"featured_media":0,"parent":0,"menu_order":0,"comment_status":"closed","ping_status":"closed","template":"","meta":{"seo_booster_metabox":"","footnotes":""},"class_list":["post-8069","page","type-page","status-publish","hentry"],"yoast_head":"<!-- This site is optimized with the Yoast SEO plugin v27.2 - https:\/\/yoast.com\/product\/yoast-seo-wordpress\/ -->\n<title>Integritetspolicy - ovarifert.com<\/title>\n<meta name=\"robots\" content=\"noindex, nofollow\" \/>\n<meta property=\"og:locale\" content=\"sv_SE\" \/>\n<meta property=\"og:type\" content=\"article\" \/>\n<meta property=\"og:title\" content=\"Integritetspolicy - ovarifert.com\" \/>\n<meta property=\"og:description\" content=\"Integritetspolicy Allm\u00e4nt Dina personuppgifter (t.ex. titel, namn, bostadsadress, e-postadress, telefonnummer, bankuppgifter, kreditkortsnummer) behandlas av oss endast i enlighet med best\u00e4mmelserna i tysk dataskyddslagstiftning. F\u00f6ljande best\u00e4mmelser beskriver typ, omfattning och syfte med insamling, bearbetning och anv\u00e4ndning av personuppgifter. Denna dataskyddspolicy g\u00e4ller endast f\u00f6r v\u00e5ra webbsidor. Om l\u00e4nkar p\u00e5 v\u00e5ra sidor leder dig till andra sidor, v\u00e4nligen [&hellip;]\" \/>\n<meta property=\"og:url\" content=\"https:\/\/ovarifert.com\/sv\/integritetspolicy\/\" \/>\n<meta property=\"og:site_name\" content=\"ovarifert.com\" \/>\n<meta name=\"twitter:card\" content=\"summary_large_image\" \/>\n<meta name=\"twitter:label1\" content=\"Ber\u00e4knad l\u00e4stid\" \/>\n\t<meta name=\"twitter:data1\" content=\"5 minuter\" \/>\n<script type=\"application\/ld+json\" class=\"yoast-schema-graph\">{\"@context\":\"https:\/\/schema.org\",\"@graph\":[{\"@type\":\"WebPage\",\"@id\":\"https:\/\/ovarifert.com\/sv\/integritetspolicy\/\",\"url\":\"https:\/\/ovarifert.com\/sv\/integritetspolicy\/\",\"name\":\"Integritetspolicy - ovarifert.com\",\"isPartOf\":{\"@id\":\"https:\/\/ovarifert.com\/de\/#website\"},\"datePublished\":\"2024-08-30T10:48:54+00:00\",\"breadcrumb\":{\"@id\":\"https:\/\/ovarifert.com\/sv\/integritetspolicy\/#breadcrumb\"},\"inLanguage\":\"sv-SE\",\"potentialAction\":[{\"@type\":\"ReadAction\",\"target\":[\"https:\/\/ovarifert.com\/sv\/integritetspolicy\/\"]}]},{\"@type\":\"BreadcrumbList\",\"@id\":\"https:\/\/ovarifert.com\/sv\/integritetspolicy\/#breadcrumb\",\"itemListElement\":[{\"@type\":\"ListItem\",\"position\":1,\"name\":\"Home\",\"item\":\"https:\/\/ovarifert.com\/sv\/amitamin-ovarifert-behandla-pcos-naturligt\/\"},{\"@type\":\"ListItem\",\"position\":2,\"name\":\"Integritetspolicy\"}]},{\"@type\":\"WebSite\",\"@id\":\"https:\/\/ovarifert.com\/de\/#website\",\"url\":\"https:\/\/ovarifert.com\/de\/\",\"name\":\"ovarifert.com\",\"description\":\"Ovarifert: Increase female fertility!\",\"potentialAction\":[{\"@type\":\"SearchAction\",\"target\":{\"@type\":\"EntryPoint\",\"urlTemplate\":\"https:\/\/ovarifert.com\/de\/?s={search_term_string}\"},\"query-input\":{\"@type\":\"PropertyValueSpecification\",\"valueRequired\":true,\"valueName\":\"search_term_string\"}}],\"inLanguage\":\"sv-SE\"}]}<\/script>\n<!-- \/ Yoast SEO plugin. -->","yoast_head_json":{"title":"Integritetspolicy - ovarifert.com","robots":{"index":"noindex","follow":"nofollow"},"og_locale":"sv_SE","og_type":"article","og_title":"Integritetspolicy - ovarifert.com","og_description":"Integritetspolicy Allm\u00e4nt Dina personuppgifter (t.ex. titel, namn, bostadsadress, e-postadress, telefonnummer, bankuppgifter, kreditkortsnummer) behandlas av oss endast i enlighet med best\u00e4mmelserna i tysk dataskyddslagstiftning. F\u00f6ljande best\u00e4mmelser beskriver typ, omfattning och syfte med insamling, bearbetning och anv\u00e4ndning av personuppgifter. Denna dataskyddspolicy g\u00e4ller endast f\u00f6r v\u00e5ra webbsidor. Om l\u00e4nkar p\u00e5 v\u00e5ra sidor leder dig till andra sidor, v\u00e4nligen [&hellip;]","og_url":"https:\/\/ovarifert.com\/sv\/integritetspolicy\/","og_site_name":"ovarifert.com","twitter_card":"summary_large_image","twitter_misc":{"Ber\u00e4knad l\u00e4stid":"5 minuter"},"schema":{"@context":"https:\/\/schema.org","@graph":[{"@type":"WebPage","@id":"https:\/\/ovarifert.com\/sv\/integritetspolicy\/","url":"https:\/\/ovarifert.com\/sv\/integritetspolicy\/","name":"Integritetspolicy - ovarifert.com","isPartOf":{"@id":"https:\/\/ovarifert.com\/de\/#website"},"datePublished":"2024-08-30T10:48:54+00:00","breadcrumb":{"@id":"https:\/\/ovarifert.com\/sv\/integritetspolicy\/#breadcrumb"},"inLanguage":"sv-SE","potentialAction":[{"@type":"ReadAction","target":["https:\/\/ovarifert.com\/sv\/integritetspolicy\/"]}]},{"@type":"BreadcrumbList","@id":"https:\/\/ovarifert.com\/sv\/integritetspolicy\/#breadcrumb","itemListElement":[{"@type":"ListItem","position":1,"name":"Home","item":"https:\/\/ovarifert.com\/sv\/amitamin-ovarifert-behandla-pcos-naturligt\/"},{"@type":"ListItem","position":2,"name":"Integritetspolicy"}]},{"@type":"WebSite","@id":"https:\/\/ovarifert.com\/de\/#website","url":"https:\/\/ovarifert.com\/de\/","name":"ovarifert.com","description":"Ovarifert: Increase female fertility!","potentialAction":[{"@type":"SearchAction","target":{"@type":"EntryPoint","urlTemplate":"https:\/\/ovarifert.com\/de\/?s={search_term_string}"},"query-input":{"@type":"PropertyValueSpecification","valueRequired":true,"valueName":"search_term_string"}}],"inLanguage":"sv-SE"}]}},"_links":{"self":[{"href":"https:\/\/ovarifert.com\/sv\/wp-json\/wp\/v2\/pages\/8069","targetHints":{"allow":["GET"]}}],"collection":[{"href":"https:\/\/ovarifert.com\/sv\/wp-json\/wp\/v2\/pages"}],"about":[{"href":"https:\/\/ovarifert.com\/sv\/wp-json\/wp\/v2\/types\/page"}],"author":[{"embeddable":true,"href":"https:\/\/ovarifert.com\/sv\/wp-json\/wp\/v2\/users\/1"}],"replies":[{"embeddable":true,"href":"https:\/\/ovarifert.com\/sv\/wp-json\/wp\/v2\/comments?post=8069"}],"version-history":[{"count":0,"href":"https:\/\/ovarifert.com\/sv\/wp-json\/wp\/v2\/pages\/8069\/revisions"}],"wp:attachment":[{"href":"https:\/\/ovarifert.com\/sv\/wp-json\/wp\/v2\/media?parent=8069"}],"curies":[{"name":"wp","href":"https:\/\/api.w.org\/{rel}","templated":true}]}}