{"id":8067,"date":"2024-08-30T12:48:53","date_gmt":"2024-08-30T10:48:53","guid":{"rendered":"https:\/\/ovarifert.com\/gizlilik-politikasi\/"},"modified":"2024-08-30T12:48:53","modified_gmt":"2024-08-30T10:48:53","slug":"gizlilik-politikasi","status":"publish","type":"page","link":"https:\/\/ovarifert.com\/tr\/gizlilik-politikasi\/","title":{"rendered":"Gizlilik Politikas\u0131"},"content":{"rendered":"<h1>Gizlilik Bildirimi<\/h1>\n<h2>Genel<\/h2>\n<p>  Ki\u015fisel verileriniz (\u00f6rne\u011fin unvan, isim, ev adresi, e-posta adresi, telefon numaras\u0131, banka bilgileri, kredi kart\u0131 numaras\u0131) taraf\u0131m\u0131zdan yaln\u0131zca Alman veri gizlili\u011fi yasalar\u0131n\u0131n h\u00fck\u00fcmlerine uygun olarak i\u015flenir.<br \/>\nA\u015fa\u011f\u0131daki h\u00fck\u00fcmler, ki\u015fisel verilerin toplanmas\u0131, i\u015flenmesi ve kullan\u0131lmas\u0131n\u0131n t\u00fcr\u00fcn\u00fc, kapsam\u0131n\u0131 ve amac\u0131n\u0131 a\u00e7\u0131klamaktad\u0131r.<br \/>\nBu veri gizlili\u011fi politikas\u0131 sadece web sayfalar\u0131m\u0131z i\u00e7in ge\u00e7erlidir.<br \/>\nSayfalar\u0131m\u0131zdaki ba\u011flant\u0131lar sizi ba\u015fka sayfalara y\u00f6nlendiriyorsa, l\u00fctfen bu gibi durumlarda verilerinizin nas\u0131l i\u015flendi\u011fi hakk\u0131nda bilgi al\u0131n.     <\/p>\n<h2>Envanter verileri<\/h2>\n<p>  (1) Ki\u015fisel verileriniz, bu s\u00f6zle\u015fme ili\u015fkisinin (envanter verileri) kurulmas\u0131, i\u00e7eri\u011finin d\u00fczenlenmesi ve de\u011fi\u015ftirilmesi a\u00e7\u0131s\u0131ndan gerekli oldu\u011fu \u00f6l\u00e7\u00fcde, yaln\u0131zca s\u00f6zle\u015fmenin yerine getirilmesi i\u00e7in kullan\u0131l\u0131r.<br \/>\n\u00d6rne\u011fin, mallar\u0131n teslim edilmesi i\u00e7in, ad\u0131n\u0131z ve adresiniz mallar\u0131n tedarik\u00e7isine iletilmelidir.<br \/>\n(2) A\u00e7\u0131k r\u0131zan\u0131z veya yasal bir dayanak olmaks\u0131z\u0131n, ki\u015fisel verileriniz bu s\u00f6zle\u015fmenin yerine getirilmesi kapsam\u0131 d\u0131\u015f\u0131nda \u00fc\u00e7\u00fcnc\u00fc taraflara aktar\u0131lmaz.<br \/>\nS\u00f6zle\u015fmenin tamamlanmas\u0131ndan sonra, verileriniz daha fazla kullan\u0131ma kar\u015f\u0131 bloke edilir.<br \/>\nVergi ile ilgili ve ticari d\u00fczenlemeler uyar\u0131nca s\u00fcrelerin sona ermesinden sonra, daha fazla kullan\u0131lmas\u0131na a\u00e7\u0131k\u00e7a izin vermedi\u011finiz s\u00fcrece bu veriler silinir.      <\/p>\n<h2>Google Analytics ile web analizi<\/h2>\n<p>  Bu web sitesi, Google Inc. (Google) \u015firketinin bir web analiz hizmeti olan Google Analytics&#8217;i kullanmaktad\u0131r.<br \/>\nGoogle Analytics, web sitesi kullan\u0131m\u0131n\u0131z\u0131n analizini sa\u011flamak i\u00e7in bilgisayar\u0131n\u0131zda depolanan metin dosyalar\u0131 olan \u00e7erezleri kullan\u0131r.<br \/>\nBu web sitesini kullan\u0131m\u0131n\u0131z hakk\u0131nda \u00e7erez taraf\u0131ndan olu\u015fturulan bilgiler genellikle Amerika Birle\u015fik Devletleri&#8217;ndeki bir Google sunucusuna iletilir ve orada saklan\u0131r.<br \/>\nAncak bu web sitesinde IP anonimle\u015ftirmenin etkinle\u015ftirilmesi durumunda, IP adresiniz Google taraf\u0131ndan Avrupa Birli\u011fi \u00fcye \u00fclkelerinde veya Avrupa Ekonomik Alan\u0131 anla\u015fmas\u0131na taraf olan di\u011fer \u00fclkelerde \u00f6nceden k\u0131salt\u0131l\u0131r.<br \/>\nSadece istisnai durumlarda tam IP adresi Amerika Birle\u015fik Devletleri&#8217;ndeki bir Google sunucusuna iletilir ve orada k\u0131salt\u0131l\u0131r.<br \/>\nBu web sitesinin sahibi ad\u0131na Google, bu bilgileri web sitesini kullan\u0131m\u0131n\u0131z\u0131 de\u011ferlendirmek, web sitesi etkinlikleri hakk\u0131nda raporlar derlemek ve web sitesi operat\u00f6r\u00fcne web sitesi ve \u0130nternet kullan\u0131m\u0131yla ilgili ba\u015fka hizmetler sa\u011flamak i\u00e7in kullanacakt\u0131r.<br \/>\nGoogle Analytics&#8217;in bir par\u00e7as\u0131 olarak taray\u0131c\u0131n\u0131zdan g\u00f6nderilen IP adresi, Google taraf\u0131ndan di\u011fer verilerle birle\u015ftirilmez.<br \/>\nTaray\u0131c\u0131 yaz\u0131l\u0131m\u0131n\u0131z\u0131 uygun \u015fekilde ayarlayarak \u00e7erezlerin depolanmas\u0131n\u0131 \u00f6nleyebilirsiniz; ancak bu durumda, bu web sitesi taraf\u0131ndan sunulan t\u00fcm i\u015flevleri tam olarak kullanamayabilece\u011finizi l\u00fctfen unutmay\u0131n.<br \/>\nAyr\u0131ca, a\u015fa\u011f\u0131daki ba\u011flant\u0131dan bir taray\u0131c\u0131 eklentisi indirip kurarak \u00e7erez taraf\u0131ndan olu\u015fturulan ve web sitesini kullan\u0131m\u0131n\u0131zla ilgili verilerin (IP adresiniz dahil) Google taraf\u0131ndan toplanmas\u0131n\u0131 ve i\u015flenmesini \u00f6nleyebilirsiniz: <a href=\"http:\/\/tools.google.com\/dlpage\/gaoptout?hl=en\" target=\"_blank\" rel=\"noopener\">http:\/\/tools.google.com\/dlpage\/gaoptout?hl=en<\/a> Bu web sitesi, ki\u015filerle do\u011frudan ili\u015fkilendirmeleri ortadan kald\u0131rmak i\u00e7in daha fazla i\u015flemden \u00f6nce IP adresleri kesilen &#8220;anonymizeIP()&#8221; uzant\u0131l\u0131 Google Analytics kullan\u0131r.          <\/p>\n<h2>\u00c7erezler hakk\u0131nda bilgi<\/h2>\n<p>  (1) Web varl\u0131\u011f\u0131m\u0131z\u0131 optimize etmek i\u00e7in \u00e7erezler kullan\u0131yoruz.<br \/>\nBunlar bilgisayar\u0131n\u0131z\u0131n ana belle\u011finde saklanan k\u00fc\u00e7\u00fck metin dosyalar\u0131d\u0131r.<br \/>\nBu \u00e7erezler siz taray\u0131c\u0131y\u0131 kapatt\u0131ktan sonra silinir.<br \/>\nDi\u011fer \u00e7erezler bilgisayar\u0131n\u0131zda kal\u0131r (uzun s\u00fcreli \u00e7erezler) ve bir sonraki ziyaretinizde tan\u0131nmas\u0131na izin verir.<br \/>\nBu, sitemize eri\u015fiminizi iyile\u015ftirmemizi sa\u011flar.<br \/>\n(2) Taray\u0131c\u0131 ayarlar\u0131n\u0131zda &#8220;\u00e7erezleri devre d\u0131\u015f\u0131 b\u0131rak&#8221; se\u00e7ene\u011fini se\u00e7erek \u00e7erezlerin saklanmas\u0131n\u0131 \u00f6nleyebilirsiniz.<br \/>\nAncak bu, sonu\u00e7 olarak \u0130nternet tekliflerimizin i\u015flevselli\u011fini s\u0131n\u0131rlayabilir.        <\/p>\n<h2>Facebook&#8217;tan sosyal eklentiler<\/h2>\n<p>  Facebook Inc., 1601 S. California Ave, Palo Alto, CA 94304, ABD taraf\u0131ndan i\u015fletilen facebook.com adresindeki sosyal eklentileri kullan\u0131yoruz.<br \/>\nEklentiler, Facebook logosu veya &#8220;Facebook Social Plug-in&#8221; eki arac\u0131l\u0131\u011f\u0131yla tan\u0131nabilir.<br \/>\n\u00d6rne\u011fin, &#8220;Be\u011fen&#8221; d\u00fc\u011fmesine t\u0131klarsan\u0131z veya bir yorum b\u0131rak\u0131rsan\u0131z, ilgili bilgiler do\u011frudan taray\u0131c\u0131n\u0131zdan Facebook&#8217;a iletilir ve orada saklan\u0131r.<br \/>\nAyr\u0131ca Facebook, be\u011fenilerinizi Facebook arkada\u015flar\u0131n\u0131z i\u00e7in herkese a\u00e7\u0131k hale getirir.<br \/>\nFacebook&#8217;ta oturum a\u00e7t\u0131ysan\u0131z, sayfam\u0131z\u0131n \u00e7a\u011fr\u0131lmas\u0131n\u0131 do\u011frudan Facebook hesab\u0131n\u0131za atayabilir.<br \/>\nOturum a\u00e7mam\u0131\u015f olsan\u0131z veya bir Facebook hesab\u0131n\u0131z olmasa bile, taray\u0131c\u0131n\u0131z daha sonra Facebook taraf\u0131ndan saklanan bilgileri (\u00f6rne\u011fin hangi web sayfalar\u0131n\u0131 \u00e7a\u011f\u0131rd\u0131\u011f\u0131n\u0131z, IP adresiniz) g\u00f6nderir.<br \/>\nKi\u015fisel verilerinizin Facebook taraf\u0131ndan i\u015flenmesi ve ilgili haklar\u0131n\u0131z hakk\u0131nda ayr\u0131nt\u0131l\u0131 bilgi i\u00e7in l\u00fctfen Facebook&#8217;un veri gizlili\u011fi politikas\u0131na bak\u0131n: <a href=\"http:\/\/www.facebook.com\/policy.php\" target=\"_blank\" rel=\"noopener\">http:\/\/www.facebook.com\/policy.php.<\/a><br \/>\nFacebook&#8217;un Web sitelerimiz arac\u0131l\u0131\u011f\u0131yla hakk\u0131n\u0131zda toplad\u0131\u011f\u0131 verileri Facebook hesab\u0131n\u0131zla e\u015fle\u015ftirmesini istemiyorsan\u0131z, web sayfalar\u0131m\u0131z\u0131 ziyaret etmeden \u00f6nce Facebook&#8217;tan \u00e7\u0131k\u0131\u015f yapmal\u0131s\u0131n\u0131z.         <\/p>\n<h2>Twitter&#8217;dan sosyal eklentiler<\/h2>\n<p>  Twitter ve Retweet i\u015flevleri ile Twitter Inc. taraf\u0131ndan i\u015fletilen Twitter.com&#8217;un sosyal eklentilerini kullan\u0131yoruz. 795 Folsom St., Suite 600, San Francisco, CA 94107. Retweet&#8217;i kullan\u0131rsan\u0131z, ziyaret etti\u011finiz web siteleri \u00fc\u00e7\u00fcnc\u00fc taraflara duyurulur ve Twitter hesab\u0131n\u0131zla ili\u015fkilendirilir. Verilerinizin Twitter taraf\u0131ndan i\u015flenmesiyle ilgili ayr\u0131nt\u0131lar\u0131n yan\u0131 s\u0131ra haklar\u0131n\u0131z ve ki\u015fisel bilgilerinizi korumaya y\u00f6nelik ayar se\u00e7enekleriniz Twitter&#8217;\u0131n veri gizlili\u011fi politikas\u0131nda bulunabilir:  <a href=\"http:\/\/twitter.com\/privacy%20\" target=\"_blank\" rel=\"noopener\">http:\/\/twitter.com\/privacy<br \/>\n <\/a><\/p>\n<h2>A\u00e7\u0131klama<\/h2>\n<p>  Federal Veri Koruma Yasas\u0131na g\u00f6re, saklanan verileriniz hakk\u0131nda \u00fccretsiz bilgi alma ve muhtemelen bu verilerin d\u00fczeltilmesi, engellenmesi veya silinmesi hakk\u0131na sahipsiniz.<br \/>\nSorular\u0131n\u0131z\u0131 a\u015fa\u011f\u0131daki e-posta adreslerine y\u00f6neltebilirsiniz: ( <a href=\"mailto:service@amitamin.com\">service@amitamin.com<\/a> ) <i>Quelle: <\/i><a href=\"http:\/\/www.twigg.de\/datenschutzerklaerungs-generator-en.htm\" target=\"_blank\" rel=\"noopener\">Datenschutzerkl\u00e4rung auf Englisch<\/a> <\/p>\n","protected":false},"excerpt":{"rendered":"<p>Gizlilik Bildirimi Genel Ki\u015fisel verileriniz (\u00f6rne\u011fin unvan, isim, ev adresi, e-posta adresi, telefon numaras\u0131, banka bilgileri, kredi kart\u0131 numaras\u0131) taraf\u0131m\u0131zdan yaln\u0131zca Alman veri gizlili\u011fi yasalar\u0131n\u0131n h\u00fck\u00fcmlerine uygun olarak i\u015flenir. A\u015fa\u011f\u0131daki h\u00fck\u00fcmler, ki\u015fisel verilerin toplanmas\u0131, i\u015flenmesi ve kullan\u0131lmas\u0131n\u0131n t\u00fcr\u00fcn\u00fc, kapsam\u0131n\u0131 ve amac\u0131n\u0131 a\u00e7\u0131klamaktad\u0131r. Bu veri gizlili\u011fi politikas\u0131 sadece web sayfalar\u0131m\u0131z i\u00e7in ge\u00e7erlidir. Sayfalar\u0131m\u0131zdaki ba\u011flant\u0131lar sizi ba\u015fka [&hellip;]<\/p>\n","protected":false},"author":1,"featured_media":0,"parent":0,"menu_order":0,"comment_status":"closed","ping_status":"closed","template":"","meta":{"seo_booster_metabox":"","footnotes":""},"class_list":["post-8067","page","type-page","status-publish","hentry"],"yoast_head":"<!-- This site is optimized with the Yoast SEO plugin v27.2 - https:\/\/yoast.com\/product\/yoast-seo-wordpress\/ -->\n<title>Gizlilik Politikas\u0131 - ovarifert.com<\/title>\n<meta name=\"robots\" content=\"noindex, nofollow\" \/>\n<meta property=\"og:locale\" content=\"tr_TR\" \/>\n<meta property=\"og:type\" content=\"article\" \/>\n<meta property=\"og:title\" content=\"Gizlilik Politikas\u0131 - ovarifert.com\" \/>\n<meta property=\"og:description\" content=\"Gizlilik Bildirimi Genel Ki\u015fisel verileriniz (\u00f6rne\u011fin unvan, isim, ev adresi, e-posta adresi, telefon numaras\u0131, banka bilgileri, kredi kart\u0131 numaras\u0131) taraf\u0131m\u0131zdan yaln\u0131zca Alman veri gizlili\u011fi yasalar\u0131n\u0131n h\u00fck\u00fcmlerine uygun olarak i\u015flenir. A\u015fa\u011f\u0131daki h\u00fck\u00fcmler, ki\u015fisel verilerin toplanmas\u0131, i\u015flenmesi ve kullan\u0131lmas\u0131n\u0131n t\u00fcr\u00fcn\u00fc, kapsam\u0131n\u0131 ve amac\u0131n\u0131 a\u00e7\u0131klamaktad\u0131r. Bu veri gizlili\u011fi politikas\u0131 sadece web sayfalar\u0131m\u0131z i\u00e7in ge\u00e7erlidir. Sayfalar\u0131m\u0131zdaki ba\u011flant\u0131lar sizi ba\u015fka [&hellip;]\" \/>\n<meta property=\"og:url\" content=\"https:\/\/ovarifert.com\/tr\/gizlilik-politikasi\/\" \/>\n<meta property=\"og:site_name\" content=\"ovarifert.com\" \/>\n<meta name=\"twitter:card\" content=\"summary_large_image\" \/>\n<meta name=\"twitter:label1\" content=\"Tahmini okuma s\u00fcresi\" \/>\n\t<meta name=\"twitter:data1\" content=\"5 dakika\" \/>\n<script type=\"application\/ld+json\" class=\"yoast-schema-graph\">{\"@context\":\"https:\/\/schema.org\",\"@graph\":[{\"@type\":\"WebPage\",\"@id\":\"https:\/\/ovarifert.com\/tr\/gizlilik-politikasi\/\",\"url\":\"https:\/\/ovarifert.com\/tr\/gizlilik-politikasi\/\",\"name\":\"Gizlilik Politikas\u0131 - ovarifert.com\",\"isPartOf\":{\"@id\":\"https:\/\/ovarifert.com\/de\/#website\"},\"datePublished\":\"2024-08-30T10:48:53+00:00\",\"breadcrumb\":{\"@id\":\"https:\/\/ovarifert.com\/tr\/gizlilik-politikasi\/#breadcrumb\"},\"inLanguage\":\"tr\",\"potentialAction\":[{\"@type\":\"ReadAction\",\"target\":[\"https:\/\/ovarifert.com\/tr\/gizlilik-politikasi\/\"]}]},{\"@type\":\"BreadcrumbList\",\"@id\":\"https:\/\/ovarifert.com\/tr\/gizlilik-politikasi\/#breadcrumb\",\"itemListElement\":[{\"@type\":\"ListItem\",\"position\":1,\"name\":\"Home\",\"item\":\"https:\/\/ovarifert.com\/tr\/amitamin-ovarifert-pcosu-dogal-olarak-tedavi-edin\/\"},{\"@type\":\"ListItem\",\"position\":2,\"name\":\"Gizlilik Politikas\u0131\"}]},{\"@type\":\"WebSite\",\"@id\":\"https:\/\/ovarifert.com\/de\/#website\",\"url\":\"https:\/\/ovarifert.com\/de\/\",\"name\":\"ovarifert.com\",\"description\":\"Ovarifert: Increase female fertility!\",\"potentialAction\":[{\"@type\":\"SearchAction\",\"target\":{\"@type\":\"EntryPoint\",\"urlTemplate\":\"https:\/\/ovarifert.com\/de\/?s={search_term_string}\"},\"query-input\":{\"@type\":\"PropertyValueSpecification\",\"valueRequired\":true,\"valueName\":\"search_term_string\"}}],\"inLanguage\":\"tr\"}]}<\/script>\n<!-- \/ Yoast SEO plugin. -->","yoast_head_json":{"title":"Gizlilik Politikas\u0131 - ovarifert.com","robots":{"index":"noindex","follow":"nofollow"},"og_locale":"tr_TR","og_type":"article","og_title":"Gizlilik Politikas\u0131 - ovarifert.com","og_description":"Gizlilik Bildirimi Genel Ki\u015fisel verileriniz (\u00f6rne\u011fin unvan, isim, ev adresi, e-posta adresi, telefon numaras\u0131, banka bilgileri, kredi kart\u0131 numaras\u0131) taraf\u0131m\u0131zdan yaln\u0131zca Alman veri gizlili\u011fi yasalar\u0131n\u0131n h\u00fck\u00fcmlerine uygun olarak i\u015flenir. A\u015fa\u011f\u0131daki h\u00fck\u00fcmler, ki\u015fisel verilerin toplanmas\u0131, i\u015flenmesi ve kullan\u0131lmas\u0131n\u0131n t\u00fcr\u00fcn\u00fc, kapsam\u0131n\u0131 ve amac\u0131n\u0131 a\u00e7\u0131klamaktad\u0131r. Bu veri gizlili\u011fi politikas\u0131 sadece web sayfalar\u0131m\u0131z i\u00e7in ge\u00e7erlidir. Sayfalar\u0131m\u0131zdaki ba\u011flant\u0131lar sizi ba\u015fka [&hellip;]","og_url":"https:\/\/ovarifert.com\/tr\/gizlilik-politikasi\/","og_site_name":"ovarifert.com","twitter_card":"summary_large_image","twitter_misc":{"Tahmini okuma s\u00fcresi":"5 dakika"},"schema":{"@context":"https:\/\/schema.org","@graph":[{"@type":"WebPage","@id":"https:\/\/ovarifert.com\/tr\/gizlilik-politikasi\/","url":"https:\/\/ovarifert.com\/tr\/gizlilik-politikasi\/","name":"Gizlilik Politikas\u0131 - ovarifert.com","isPartOf":{"@id":"https:\/\/ovarifert.com\/de\/#website"},"datePublished":"2024-08-30T10:48:53+00:00","breadcrumb":{"@id":"https:\/\/ovarifert.com\/tr\/gizlilik-politikasi\/#breadcrumb"},"inLanguage":"tr","potentialAction":[{"@type":"ReadAction","target":["https:\/\/ovarifert.com\/tr\/gizlilik-politikasi\/"]}]},{"@type":"BreadcrumbList","@id":"https:\/\/ovarifert.com\/tr\/gizlilik-politikasi\/#breadcrumb","itemListElement":[{"@type":"ListItem","position":1,"name":"Home","item":"https:\/\/ovarifert.com\/tr\/amitamin-ovarifert-pcosu-dogal-olarak-tedavi-edin\/"},{"@type":"ListItem","position":2,"name":"Gizlilik Politikas\u0131"}]},{"@type":"WebSite","@id":"https:\/\/ovarifert.com\/de\/#website","url":"https:\/\/ovarifert.com\/de\/","name":"ovarifert.com","description":"Ovarifert: Increase female fertility!","potentialAction":[{"@type":"SearchAction","target":{"@type":"EntryPoint","urlTemplate":"https:\/\/ovarifert.com\/de\/?s={search_term_string}"},"query-input":{"@type":"PropertyValueSpecification","valueRequired":true,"valueName":"search_term_string"}}],"inLanguage":"tr"}]}},"_links":{"self":[{"href":"https:\/\/ovarifert.com\/tr\/wp-json\/wp\/v2\/pages\/8067","targetHints":{"allow":["GET"]}}],"collection":[{"href":"https:\/\/ovarifert.com\/tr\/wp-json\/wp\/v2\/pages"}],"about":[{"href":"https:\/\/ovarifert.com\/tr\/wp-json\/wp\/v2\/types\/page"}],"author":[{"embeddable":true,"href":"https:\/\/ovarifert.com\/tr\/wp-json\/wp\/v2\/users\/1"}],"replies":[{"embeddable":true,"href":"https:\/\/ovarifert.com\/tr\/wp-json\/wp\/v2\/comments?post=8067"}],"version-history":[{"count":0,"href":"https:\/\/ovarifert.com\/tr\/wp-json\/wp\/v2\/pages\/8067\/revisions"}],"wp:attachment":[{"href":"https:\/\/ovarifert.com\/tr\/wp-json\/wp\/v2\/media?parent=8067"}],"curies":[{"name":"wp","href":"https:\/\/api.w.org\/{rel}","templated":true}]}}